{"id":12247,"date":"2024-05-14T16:30:31","date_gmt":"2024-05-14T16:30:31","guid":{"rendered":"https:\/\/changeman.org\/?page_id=12247"},"modified":"2024-05-14T16:42:14","modified_gmt":"2024-05-14T16:42:14","slug":"terms","status":"publish","type":"page","link":"https:\/\/changeman.org\/de\/terms\/","title":{"rendered":"Nutzungsbedingungen \u2013 Changeman"},"content":{"rendered":"<div class=\"mx-5 sm:mx-0 prose leading-relaxed text-lg mb-5 text-left wp-paragraph\">\n<p>Aktualisiert am 14. Mai 2024.<\/p>\n<\/div><div class=\"mx-5 sm:mx-0 prose leading-relaxed text-lg mb-5 text-left wp-paragraph\">\n<p>INDIETECH O\u00dc, eine estnische Gesellschaft mit beschr\u00e4nkter Haftung (LLC, auch bekannt als O\u00dc), registriert unter der Umsatzsteuernummer EE102204759 und mit Hauptsitz in Tallinn, 6 Sepapaja Street, CEP 15551, Harju, Estland, ist der Gr\u00fcnder, Eigent\u00fcmer und Betreiber \u00fcber die Changeman-Website, zug\u00e4nglich durch die Dom\u00e4ne <a style=\" color:;\" href=\"https:\/\/changeman.org\/de\/\">https:\/\/changeman.org\/<\/a>.<\/p>\n<\/div><div class=\"mx-5 sm:mx-0 prose leading-relaxed text-lg mb-5 text-left wp-paragraph\">\n<p>Wenn wir in diesen Nutzungsbedingungen von \u201ewir\u201c, \u201euns\u201c und \u201eunser\u201c sprechen, sprechen wir von Changeman.<\/p>\n<\/div><div class=\"mx-5 sm:mx-0 prose leading-relaxed text-lg mb-5 text-left wp-paragraph\">\n<p>Changeman ist eine Website, die sich auf die Erstellung von Inhalten im Zusammenhang mit Finanzen und Anwendungen spezialisiert hat und Informationen, Tipps und Analysen zu verschiedenen Produkten und Dienstleistungen bereitstellt, die diese Nischen abdecken.<\/p>\n<\/div><div class=\"mx-5 sm:mx-0 prose leading-relaxed text-lg mb-5 text-left wp-paragraph\">\n<p>Diese Nutzungsbedingungen sollten in Verbindung mit unserer Datenschutzrichtlinie gelesen werden, die unter verf\u00fcgbar ist <a style=\" color:;\" href=\"https:\/\/changeman.org\/de\/privacy\/\">https:\/\/changeman.org\/privacy<\/a>und entsprechen den geltenden Gesetzen.<\/p>\n<\/div><div class=\"mx-5 sm:mx-0 prose leading-relaxed text-lg mb-5 text-left wp-paragraph\">\n<p><strong>Wir empfehlen Ihnen, diese Nutzungsbedingungen sorgf\u00e4ltig zu lesen. Wenn Sie Bestimmungen finden, mit denen Sie nicht einverstanden sind, sollten Sie von der Nutzung unserer Dienste absehen.<\/strong><\/p>\n<\/div><!--advertisement--><div class=\"mx-5 sm:mx-0 sm:text-3xl text-2xl font-medium title-font mb-4 text-gray-900 text-left\">\n<h2 class=\"wp-block-heading\" id=\"h-secao-i-admissao\">Abschnitt I \u2013 Zulassung <\/h2>\n<\/div><div class=\"mx-5 sm:mx-0 prose leading-relaxed text-lg mb-5 text-left wp-paragraph\">\n<p><strong>1.1<\/strong> Bei der Nutzung unserer Dienste verpflichtet sich der Nutzer, die Allgemeinen Nutzungsbedingungen sowie die dazugeh\u00f6rige Datenschutzerkl\u00e4rung zu beachten.<\/p>\n<\/div><div class=\"mx-5 sm:mx-0 prose leading-relaxed text-lg mb-5 text-left wp-paragraph\">\n<p><strong>1.2<\/strong> Voraussetzung ist, dass der Nutzer mindestens 18 Jahre alt und gesch\u00e4ftsf\u00e4hig ist, diese Bedingungen in allen rechtlichen Aspekten vollst\u00e4ndig zu akzeptieren.<\/p>\n<\/div><div class=\"mx-5 sm:mx-0 prose leading-relaxed text-lg mb-5 text-left wp-paragraph\">\n<p>1.3 Benutzer, die diese Kriterien nicht erf\u00fcllen, sollten den Zugriff und\/oder die Nutzung der von Changeman angebotenen Dienste sowie der von Changeman verwalteten Websites und Dienste vermeiden.<\/p>\n<\/div><!--advertisement--><div class=\"mx-5 sm:mx-0 sm:text-3xl text-2xl font-medium title-font mb-4 text-gray-900 text-left\">\n<h2 class=\"wp-block-heading\">Abschnitt II \u2013 Kontakt <\/h2>\n<\/div><div class=\"mx-5 sm:mx-0 prose leading-relaxed text-lg mb-5 text-left wp-paragraph\">\n<p>Um Zweifel zu kl\u00e4ren oder Probleme im Zusammenhang mit unseren Dienstleistungen zu l\u00f6sen, kann der Benutzer dies \u00fcber die Changeman-Website \u00fcber das unter verf\u00fcgbare Formular tun <a style=\" color:;\" href=\"https:\/\/changeman.org\/de\/contact\/\">https:\/\/changeman.org\/contact\/<\/a>.<\/p>\n<\/div><!--advertisement--><div class=\"mx-5 sm:mx-0 sm:text-3xl text-2xl font-medium title-font mb-4 text-gray-900 text-left\">\n<h2 class=\"wp-block-heading\">Abschnitt III \u2013 Verantwortlichkeiten der Parteien <\/h2>\n<\/div><div class=\"mx-5 sm:mx-0 prose leading-relaxed text-lg mb-5 text-left wp-paragraph\">\n<p><strong>3.1 Annahme der Bedingungen<\/strong><\/p>\n<\/div><div class=\"mx-5 sm:mx-0 prose leading-relaxed text-lg mb-5 text-left wp-paragraph\">\n<p>Durch den Zugriff auf die Website von Changeman stimmen Sie den hier festgelegten Nutzungsbedingungen zu. Wenn Sie mit den Allgemeinen Gesch\u00e4ftsbedingungen nicht einverstanden sind, sehen Sie bitte von der Nutzung der Website ab.<\/p>\n<\/div><div class=\"mx-5 sm:mx-0 prose leading-relaxed text-lg mb-5 text-left wp-paragraph\">\n<p><strong>3.2 Nutzung der Website<\/strong><\/p>\n<\/div><div class=\"mx-5 sm:mx-0 prose leading-relaxed text-lg mb-5 text-left wp-paragraph\">\n<p>Ziel der Changeman-Website ist es, Informationen rund um Finanzen und Antr\u00e4ge bereitzustellen. Auf der Website k\u00f6nnen Sie nach Informationen, Inhalten und Empfehlungen zu diesen Themen suchen.<\/p>\n<\/div><div class=\"mx-5 sm:mx-0 prose leading-relaxed text-lg mb-5 text-left wp-paragraph\">\n<p><strong>3.3 Verantwortung<\/strong><\/p>\n<\/div><div class=\"mx-5 sm:mx-0 prose leading-relaxed text-lg mb-5 text-left wp-paragraph\">\n<p>Changeman haftet nicht f\u00fcr Sch\u00e4den, die durch Viren, Malware, unsachgem\u00e4\u00dfe Nutzung der Website oder Ereignisse h\u00f6herer Gewalt verursacht werden.<\/p>\n<\/div><div class=\"mx-5 sm:mx-0 prose leading-relaxed text-lg mb-5 text-left wp-paragraph\">\n<p><strong>3.4 Links zu Websites Dritter<\/strong><\/p>\n<\/div><div class=\"mx-5 sm:mx-0 prose leading-relaxed text-lg mb-5 text-left wp-paragraph\">\n<p>Changeman kann Links zu Websites Dritter enthalten. Diese Websites unterliegen nicht unserer Kontrolle und wir sind nicht f\u00fcr deren Richtlinien, Nutzungsbedingungen, Informationen oder Transaktionen verantwortlich.<\/p>\n<\/div><div class=\"mx-5 sm:mx-0 prose leading-relaxed text-lg mb-5 text-left wp-paragraph\">\n<p><strong>3.5 Pers\u00f6nliche Informationen<\/strong><\/p>\n<\/div><div class=\"mx-5 sm:mx-0 prose leading-relaxed text-lg mb-5 text-left wp-paragraph\">\n<p>Changeman fordert keine pers\u00f6nlichen oder Registrierungsinformationen per E-Mail an. Wenn Sie in unserem Namen eine E-Mail mit der Bitte um diese Informationen erhalten, antworten Sie bitte nicht und melden Sie die E-Mail an Changeman.<\/p>\n<\/div><div class=\"mx-5 sm:mx-0 prose leading-relaxed text-lg mb-5 text-left wp-paragraph\">\n<p><strong>3.6 Kontakt<\/strong><\/p>\n<\/div><div class=\"mx-5 sm:mx-0 prose leading-relaxed text-lg mb-5 text-left wp-paragraph\">\n<p>Wenn Sie Fragen oder Beschwerden zu den Nutzungsbedingungen haben, kontaktieren Sie uns bitte \u00fcber das Formular unter <a style=\" color:;\" href=\"https:\/\/changeman.org\/de\/contact\/\">https:\/\/changeman.org\/contact\/<\/a>.<\/p>\n<\/div><!--advertisement--><div class=\"mx-5 sm:mx-0 sm:text-3xl text-2xl font-medium title-font mb-4 text-gray-900 text-left\">\n<h2 class=\"wp-block-heading\">Abschnitt IV \u2013 Nutzungsbedingungen und Einschr\u00e4nkungen <\/h2>\n<\/div><div class=\"mx-5 sm:mx-0 prose leading-relaxed text-lg mb-5 text-left wp-paragraph\">\n<p>Es ist strengstens untersagt, die Website zu folgenden Zwecken zu nutzen:<\/p>\n<\/div><div class=\"mx-5 sm:mx-0 prose text-left mb-5\">\n<ul><div class=\"mx-5 sm:mx-0 prose text-left mb-5\">\n<li>Illegale Aktivit\u00e4ten<\/li>\n<\/div>\n\n<div class=\"mx-5 sm:mx-0 prose text-left mb-5\">\n<li>Urheberrechtsverletzung<\/li>\n<\/div>\n\n<div class=\"mx-5 sm:mx-0 prose text-left mb-5\">\n<li>Bel\u00e4stigung anderer Benutzer<\/li>\n<\/div>\n\n<div class=\"mx-5 sm:mx-0 prose text-left mb-5\">\n<li>Verbreitung falscher Informationen<\/li>\n<\/div>\n\n<div class=\"mx-5 sm:mx-0 prose text-left mb-5\">\n<li>Virus Ausbreitung<\/li>\n<\/div>\n\n<div class=\"mx-5 sm:mx-0 prose text-left mb-5\">\n<li>Erhebung personenbezogener Daten ohne Einwilligung<\/li>\n<\/div>\n\n<div class=\"mx-5 sm:mx-0 prose text-left mb-5\">\n<li>Spam-Werbung<\/li>\n<\/div>\n\n<div class=\"mx-5 sm:mx-0 prose text-left mb-5\">\n<li>Obsz\u00f6ne oder unmoralische Aktivit\u00e4ten<\/li>\n<\/div>\n\n<div class=\"mx-5 sm:mx-0 prose text-left mb-5\">\n<li>Eingriff in Sicherheitsma\u00dfnahmen.<\/li>\n<\/div><\/ul>\n<\/div><div class=\"mx-5 sm:mx-0 prose leading-relaxed text-lg mb-5 text-left wp-paragraph\">\n<p><strong data-sider-select-id=\"b64294c6-90d6-4dc5-a2ed-b9291303329a\">Verst\u00f6\u00dft der Nutzer gegen diese Bedingungen, kann sich sein Zugang zur Website \u00e4ndern<\/strong><strong>M<\/strong><strong data-sider-select-id=\"b64294c6-90d6-4dc5-a2ed-b9291303329a\">ein wird beendet oder ausgesetzt.<\/strong><\/p>\n<\/div><!--advertisement--><div class=\"mx-5 sm:mx-0 sm:text-3xl text-2xl font-medium title-font mb-4 text-gray-900 text-left\">\n<h2 class=\"wp-block-heading\">Abschnitt V \u2013 Haftungsbeschr\u00e4nkungen und Gew\u00e4hrleistungen <\/h2>\n<\/div><div class=\"mx-5 sm:mx-0 prose leading-relaxed text-lg mb-5 text-left wp-paragraph\">\n<p>Changeman stellt den Dienst \u201ewie besehen\u201c zur Verf\u00fcgung, ohne Garantien f\u00fcr Kontinuit\u00e4t, Sicherheit oder Genauigkeit. Der Zugriff auf den Dienst kann jederzeit ohne Vorank\u00fcndigung unterbrochen oder beendet werden. Changeman ist nicht verantwortlich f\u00fcr Sch\u00e4den, die aus der Nutzung des Dienstes entstehen, einschlie\u00dflich:<\/p>\n<\/div><div class=\"mx-5 sm:mx-0 prose text-left mb-5\">\n<ul><div class=\"mx-5 sm:mx-0 prose text-left mb-5\">\n<li>Gewinn- oder Datenverlust<\/li>\n<\/div>\n\n<div class=\"mx-5 sm:mx-0 prose text-left mb-5\">\n<li>Immaterielle Sch\u00e4den, etwa Reputations- oder Imagesch\u00e4den<\/li>\n<\/div><\/ul>\n<\/div><div class=\"mx-5 sm:mx-0 prose leading-relaxed text-lg mb-5 text-left wp-paragraph\">\n<p>In bestimmten L\u00e4ndern ist es Unternehmen jedoch gesetzlich nicht gestattet, sich von der Haftung f\u00fcr indirekte oder unerwartete Sch\u00e4den zu befreien. Unter solchen Umst\u00e4nden ist die Haftung von Changeman auf den gr\u00f6\u00dftm\u00f6glichen Umfang beschr\u00e4nkt, der nach den geltenden \u00f6rtlichen Gesetzen zul\u00e4ssig ist.<\/p>\n<\/div><!--advertisement--><div class=\"mx-5 sm:mx-0 sm:text-3xl text-2xl font-medium title-font mb-4 text-gray-900 text-left\">\n<h2 class=\"wp-block-heading\">Abschnitt VI \u2013 Dauer und Frist <\/h2>\n<\/div><div class=\"mx-5 sm:mx-0 prose leading-relaxed text-lg mb-5 text-left wp-paragraph\">\n<p>Alle rechtlichen oder administrativen Ma\u00dfnahmen im Zusammenhang mit der Nutzung von Changeman, wie in diesen Allgemeinen Nutzungsbedingungen oder in der Datenschutzrichtlinie festgelegt, m\u00fcssen innerhalb einer Frist von maximal 90 Tagen ergriffen werden. Die G\u00fcltigkeit dieser Allgemeinen Nutzungsbedingungen bleibt unbestimmt.<\/p>\n<\/div><!--advertisement--><div class=\"mx-5 sm:mx-0 sm:text-3xl text-2xl font-medium title-font mb-4 text-gray-900 text-left\">\n<h2 class=\"wp-block-heading\">Abschnitt VII \u2013 Gesetzgebung und Gerichtsstand <\/h2>\n<\/div><div class=\"mx-5 sm:mx-0 prose leading-relaxed text-lg mb-5 text-left wp-paragraph\">\n<p><strong>7.1<\/strong> Die kombinierte Auslegung der Nutzungsbedingungen und der Datenschutzrichtlinie ist von entscheidender Bedeutung. F\u00fcr beide gelten brasilianische Gesetze, darunter die Bundesverfassung, das B\u00fcrgerliche Gesetzbuch, das Verbraucherschutzgesetz, der Marco Civil da Internet und das Allgemeine Datenschutzgesetz.<\/p>\n<\/div><div class=\"mx-5 sm:mx-0 prose leading-relaxed text-lg mb-5 text-left wp-paragraph\">\n<p><strong>7.2 <\/strong>Im Falle einer Meinungsverschiedenheit \u00fcber die Auslegung oder Ausf\u00fchrung der Nutzungsbedingungen und der Datenschutzrichtlinie vereinbaren die Parteien, sich der ausschlie\u00dflichen Zust\u00e4ndigkeit der Handelskammer von Tallinn, Estland, zu unterwerfen.<\/p>\n<\/div><!--advertisement--><div class=\"mx-5 sm:mx-0 sm:text-3xl text-2xl font-medium title-font mb-4 text-gray-900 text-left\">\n<h2 class=\"wp-block-heading\">Abschnitt VIII \u2013 Inhalt und geistiges Eigentum <\/h2>\n<\/div><div class=\"mx-5 sm:mx-0 prose leading-relaxed text-lg mb-5 text-left wp-paragraph\">\n<p><strong>8.1. Inhalt und geistiges Eigentum<\/strong><\/p>\n<\/div><div class=\"mx-5 sm:mx-0 prose leading-relaxed text-lg mb-5 text-left wp-paragraph\">\n<p>Alle Inhalte auf Changeman sind durch Urheberrecht und geistiges Eigentum gesch\u00fctzt. Die Vervielf\u00e4ltigung, \u00c4nderung, Verbreitung, Anzeige oder Erstellung abgeleiteter Werke ohne vorherige Genehmigung von Changeman ist untersagt.<\/p>\n<\/div><div class=\"mx-5 sm:mx-0 prose leading-relaxed text-lg mb-5 text-left wp-paragraph\">\n<p><strong>8.2 Verantwortung<\/strong><\/p>\n<\/div><div class=\"mx-5 sm:mx-0 prose leading-relaxed text-lg mb-5 text-left wp-paragraph\">\n<p>Changeman \u00fcbernimmt keine Verantwortung f\u00fcr Inhalte Dritter, wie etwa Kommentare oder Beitr\u00e4ge in Foren oder sozialen Netzwerken. Ebenso ist sie nicht verantwortlich f\u00fcr etwaige Sch\u00e4den, die sich aus der Nutzung der Website ergeben, seien es direkte, indirekte, zuf\u00e4llige oder Folgesch\u00e4den.<\/p>\n<\/div><div class=\"mx-5 sm:mx-0 prose leading-relaxed text-lg mb-5 text-left wp-paragraph\">\n<p><strong>8.3 Verst\u00f6\u00dfe<\/strong><\/p>\n<\/div><div class=\"mx-5 sm:mx-0 prose leading-relaxed text-lg mb-5 text-left wp-paragraph\">\n<p>Changeman beh\u00e4lt sich das Recht vor, Inhalte zu entfernen, die gegen die Nutzungsbedingungen versto\u00dfen, insbesondere solche, die als rechtswidrig, anst\u00f6\u00dfig, verleumderisch oder die Rechte Dritter verletzend angesehen werden. Dar\u00fcber hinaus behalten wir uns das Recht vor, Benutzerkonten zu k\u00fcndigen, die nicht den Nutzungsbedingungen entsprechen.<\/p>\n<\/div><!--advertisement--><div class=\"mx-5 sm:mx-0 sm:text-3xl text-2xl font-medium title-font mb-4 text-gray-900 text-left\">\n<h2 class=\"wp-block-heading\">Abschnitt IX \u2013 \u00c4nderungen der Allgemeinen Gesch\u00e4ftsbedingungen <\/h2>\n<\/div><div class=\"mx-5 sm:mx-0 prose leading-relaxed text-lg mb-5 text-left wp-paragraph\">\n<p>Wir behalten uns das Recht vor, jeden Dienst jederzeit ohne vorherige Ank\u00fcndigung an die Benutzer auszusetzen oder zu \u00e4ndern. Die aktuellste Version dieser Nutzungsbedingungen kann der Nutzer jederzeit unter einsehen <a style=\" color:;\" href=\"https:\/\/changeman.org\/de\/terms\/\">https:\/\/changeman.org\/terms\/<\/a>. Aus derartigen \u00c4nderungen ergeben sich f\u00fcr Changeman keine Verpflichtungen.<\/p>\n<\/div><div class=\"mx-5 sm:mx-0 prose leading-relaxed text-lg mb-5 text-left wp-paragraph\">\n<p>Durch die Nutzung der Changeman-Website stimmen Sie den Nutzungsbedingungen zu. Wenn Sie mit diesen Bedingungen nicht einverstanden sind, empfehlen wir Ihnen, die Nutzung der Website zu vermeiden.<\/p>\n<\/div><!--advertisement--><div class=\"mx-5 sm:mx-0 sm:text-3xl text-2xl font-medium title-font mb-4 text-gray-900 text-left\">\n<h2 class=\"wp-block-heading\">Abschnitt X \u2013 Kontaktinformationen <\/h2>\n<\/div><div class=\"mx-5 sm:mx-0 prose leading-relaxed text-lg mb-5 text-left wp-paragraph\">\n<p>Wir stehen Ihnen gerne zur Verf\u00fcgung. Wenn Sie Fragen oder Anregungen zu unseren Dienstleistungen haben, k\u00f6nnen Sie sich gerne an unseren Kundenservice wenden. Sie k\u00f6nnen Ihre Nachricht \u00fcber das unter verf\u00fcgbare Formular senden <a style=\" color:;\" href=\"https:\/\/changeman.org\/de\/contact\/\">https:\/\/changeman.org\/contact\/<\/a>.<\/p>\n<\/div>","protected":false},"excerpt":{"rendered":"<p>Aktualisiert am 14. Mai 2024. INDIETECH O\u00dc, eine estnische Gesellschaft mit beschr\u00e4nkter Haftung (GmbH, auch O\u00dc genannt), eingetragen unter der Umsatzsteuer-Identifikationsnummer EE102204759 und mit Sitz in Tallinn, Sepapaja Stra\u00dfe 6, Postleitzahl 15551, Harju, Estland, ist Gr\u00fcnder, Inhaber und Betreiber der Changeman-Website, die \u00fcber die Domain https:\/\/changeman.org\/ erreichbar ist. <a class=\"more-link\" href=\"https:\/\/changeman.org\/de\/terms\/\">Lesen Sie weiter <span class=\"screen-reader-text\">Nutzungsbedingungen \u2013 Changeman<\/span><\/a><\/p>","protected":false},"author":11,"featured_media":0,"parent":0,"menu_order":0,"comment_status":"closed","ping_status":"closed","template":"","meta":{"footnotes":""},"yoast_head":"<!-- This site is optimized with the Yoast SEO Premium plugin v18.7 (Yoast SEO v19.1) - https:\/\/yoast.com\/wordpress\/plugins\/seo\/ -->\n<title>Termos de Uso - Changeman - Changeman<\/title>\n<meta name=\"robots\" content=\"index, follow, max-snippet:-1, max-image-preview:large, max-video-preview:-1\" \/>\n<link rel=\"canonical\" href=\"https:\/\/changeman.org\/de\/terms\/\" \/>\n<meta property=\"og:locale\" content=\"de_DE\" \/>\n<meta property=\"og:type\" content=\"article\" \/>\n<meta property=\"og:title\" content=\"Termos de Uso - Changeman\" \/>\n<meta property=\"og:description\" content=\"Atualizado em 14 de Maio de 2024. A INDIETECH O\u00dc, uma empresa de responsabilidade limitada estoniana (LLC, tamb\u00e9m conhecida como O\u00dc), registrada sob o VAT EE102204759 e sediada em Tallinn, na Rua Sepapaja 6, CEP 15551, Harju, Est\u00f4nia, \u00e9 a fundadora, propriet\u00e1ria e respons\u00e1vel pela manuten\u00e7\u00e3o do site Changeman, acess\u00edvel atrav\u00e9s do dom\u00ednio https:\/\/changeman.org\/. Quando&hellip; Continue reading Termos de Uso &#8211; Changeman\" \/>\n<meta property=\"og:url\" content=\"https:\/\/changeman.org\/de\/terms\/\" \/>\n<meta property=\"og:site_name\" content=\"Changeman\" \/>\n<meta property=\"article:modified_time\" content=\"2024-05-14T16:42:14+00:00\" \/>\n<meta name=\"twitter:card\" content=\"summary_large_image\" \/>\n<meta name=\"twitter:label1\" content=\"Est. reading time\" \/>\n\t<meta name=\"twitter:data1\" content=\"6 Minuten\" \/>\n<script type=\"application\/ld+json\" class=\"yoast-schema-graph\">{\"@context\":\"https:\/\/schema.org\",\"@graph\":[{\"@type\":\"WebSite\",\"@id\":\"https:\/\/changeman.org\/#website\",\"url\":\"https:\/\/changeman.org\/\",\"name\":\"Changeman\",\"description\":\"\",\"potentialAction\":[{\"@type\":\"SearchAction\",\"target\":{\"@type\":\"EntryPoint\",\"urlTemplate\":\"https:\/\/changeman.org\/?s={search_term_string}\"},\"query-input\":\"required name=search_term_string\"}],\"inLanguage\":\"de-DE\"},{\"@type\":\"WebPage\",\"@id\":\"https:\/\/changeman.org\/terms\/#webpage\",\"url\":\"https:\/\/changeman.org\/terms\/\",\"name\":\"Termos de Uso - Changeman - Changeman\",\"isPartOf\":{\"@id\":\"https:\/\/changeman.org\/#website\"},\"datePublished\":\"2024-05-14T16:30:31+00:00\",\"dateModified\":\"2024-05-14T16:42:14+00:00\",\"breadcrumb\":{\"@id\":\"https:\/\/changeman.org\/terms\/#breadcrumb\"},\"inLanguage\":\"de-DE\",\"potentialAction\":[{\"@type\":\"ReadAction\",\"target\":[\"https:\/\/changeman.org\/terms\/\"]}]},{\"@type\":\"BreadcrumbList\",\"@id\":\"https:\/\/changeman.org\/terms\/#breadcrumb\",\"itemListElement\":[{\"@type\":\"ListItem\",\"position\":1,\"name\":\"Home\",\"item\":\"https:\/\/changeman.org\/\"},{\"@type\":\"ListItem\",\"position\":2,\"name\":\"Termos de Uso &#8211; Changeman\"}]}]}<\/script>\n<!-- \/ Yoast SEO Premium plugin. -->","yoast_head_json":{"title":"Termos de Uso - Changeman - Changeman","robots":{"index":"index","follow":"follow","max-snippet":"max-snippet:-1","max-image-preview":"max-image-preview:large","max-video-preview":"max-video-preview:-1"},"canonical":"https:\/\/changeman.org\/de\/terms\/","og_locale":"de_DE","og_type":"article","og_title":"Termos de Uso - Changeman","og_description":"Atualizado em 14 de Maio de 2024. A INDIETECH O\u00dc, uma empresa de responsabilidade limitada estoniana (LLC, tamb\u00e9m conhecida como O\u00dc), registrada sob o VAT EE102204759 e sediada em Tallinn, na Rua Sepapaja 6, CEP 15551, Harju, Est\u00f4nia, \u00e9 a fundadora, propriet\u00e1ria e respons\u00e1vel pela manuten\u00e7\u00e3o do site Changeman, acess\u00edvel atrav\u00e9s do dom\u00ednio https:\/\/changeman.org\/. Quando&hellip; Continue reading Termos de Uso &#8211; Changeman","og_url":"https:\/\/changeman.org\/de\/terms\/","og_site_name":"Changeman","article_modified_time":"2024-05-14T16:42:14+00:00","twitter_card":"summary_large_image","twitter_misc":{"Est. reading time":"6 Minuten"},"schema":{"@context":"https:\/\/schema.org","@graph":[{"@type":"WebSite","@id":"https:\/\/changeman.org\/#website","url":"https:\/\/changeman.org\/","name":"Changeman","description":"","potentialAction":[{"@type":"SearchAction","target":{"@type":"EntryPoint","urlTemplate":"https:\/\/changeman.org\/?s={search_term_string}"},"query-input":"required name=search_term_string"}],"inLanguage":"de-DE"},{"@type":"WebPage","@id":"https:\/\/changeman.org\/terms\/#webpage","url":"https:\/\/changeman.org\/terms\/","name":"Termos de Uso - Changeman - Changeman","isPartOf":{"@id":"https:\/\/changeman.org\/#website"},"datePublished":"2024-05-14T16:30:31+00:00","dateModified":"2024-05-14T16:42:14+00:00","breadcrumb":{"@id":"https:\/\/changeman.org\/terms\/#breadcrumb"},"inLanguage":"de-DE","potentialAction":[{"@type":"ReadAction","target":["https:\/\/changeman.org\/terms\/"]}]},{"@type":"BreadcrumbList","@id":"https:\/\/changeman.org\/terms\/#breadcrumb","itemListElement":[{"@type":"ListItem","position":1,"name":"Home","item":"https:\/\/changeman.org\/"},{"@type":"ListItem","position":2,"name":"Termos de Uso &#8211; Changeman"}]}]}},"_links":{"self":[{"href":"https:\/\/changeman.org\/de\/wp-json\/wp\/v2\/pages\/12247"}],"collection":[{"href":"https:\/\/changeman.org\/de\/wp-json\/wp\/v2\/pages"}],"about":[{"href":"https:\/\/changeman.org\/de\/wp-json\/wp\/v2\/types\/page"}],"author":[{"embeddable":true,"href":"https:\/\/changeman.org\/de\/wp-json\/wp\/v2\/users\/11"}],"replies":[{"embeddable":true,"href":"https:\/\/changeman.org\/de\/wp-json\/wp\/v2\/comments?post=12247"}],"version-history":[{"count":0,"href":"https:\/\/changeman.org\/de\/wp-json\/wp\/v2\/pages\/12247\/revisions"}],"wp:attachment":[{"href":"https:\/\/changeman.org\/de\/wp-json\/wp\/v2\/media?parent=12247"}],"curies":[{"name":"wp","href":"https:\/\/api.w.org\/{rel}","templated":true}]}}