{"id":12249,"date":"2024-05-14T16:11:03","date_gmt":"2024-05-14T16:11:03","guid":{"rendered":"https:\/\/changeman.org\/?page_id=12249"},"modified":"2024-05-15T17:27:56","modified_gmt":"2024-05-15T17:27:56","slug":"about","status":"publish","type":"page","link":"https:\/\/changeman.org\/de\/about\/","title":{"rendered":"\u00dcber uns"},"content":{"rendered":"<div class=\"mx-5 sm:mx-0 prose leading-relaxed text-lg mb-5 text-left wp-paragraph\">\n<p>Willkommen bei Changeman!<\/p>\n<\/div><div class=\"mx-5 sm:mx-0 prose leading-relaxed text-lg mb-5 text-left wp-paragraph\">\n<p>Wir sind eine informative Website, deren Ziel es ist, unseren Lesern wertvolle Inhalte bereitzustellen. Unser Gesch\u00e4ftsmodell basiert auf Werbung, was es uns erm\u00f6glicht, kostenlosen Zugang zu unseren Inhalten anzubieten.<\/p>\n<\/div><div class=\"mx-5 sm:mx-0 prose leading-relaxed text-lg mb-5 text-left wp-paragraph\">\n<p>Bei Changeman m\u00f6chten wir unseren Lesern helfen, fundiertere Finanzentscheidungen zu treffen und die auf dem Markt verf\u00fcgbaren Apps optimal zu nutzen. Deshalb finden Sie auf unserer Website eine Vielzahl n\u00fctzlicher Finanztipps und ausf\u00fchrliche App-Rezensionen, die Ihnen den Alltag erleichtern.<\/p>\n<\/div><div class=\"mx-5 sm:mx-0 prose leading-relaxed text-lg mb-5 text-left wp-paragraph\">\n<p>Ihre Meinung ist uns sehr wichtig. Wenn Sie Vorschl\u00e4ge zur Verbesserung von Changeman haben, Apps zur Analyse oder Themen f\u00fcr unsere Inhalte vorschlagen m\u00f6chten, z\u00f6gern Sie nicht, uns eine Nachricht zu senden&nbsp;<a target=\"_blank\" href=\"https:\/\/changeman.org\/de\/contact\/\" rel=\"noreferrer noopener\">unsere Kontaktseite<\/a>.<\/p>\n<\/div><div class=\"mx-5 sm:mx-0 prose leading-relaxed text-lg mb-5 text-left wp-paragraph\">\n<p>Vielen Dank f\u00fcr Ihren Besuch!<\/p>\n<\/div>","protected":false},"excerpt":{"rendered":"<p>Willkommen bei Changeman! Wir sind eine informative Website, die ihren Lesern wertvolle Inhalte bietet. Unser Gesch\u00e4ftsmodell basiert auf Werbung, wodurch wir Ihnen kostenlosen Zugang zu unseren Inhalten erm\u00f6glichen k\u00f6nnen. Bei Changeman m\u00f6chten wir unsere Leser dabei unterst\u00fctzen, fundiertere finanzielle Entscheidungen zu treffen und die verf\u00fcgbaren Anwendungen optimal zu nutzen. <a class=\"more-link\" href=\"https:\/\/changeman.org\/de\/about\/\">Lesen Sie weiter <span class=\"screen-reader-text\">\u00dcber uns<\/span><\/a><\/p>","protected":false},"author":11,"featured_media":0,"parent":0,"menu_order":0,"comment_status":"closed","ping_status":"closed","template":"","meta":{"footnotes":""},"yoast_head":"<!-- This site is optimized with the Yoast SEO Premium plugin v18.7 (Yoast SEO v19.1) - https:\/\/yoast.com\/wordpress\/plugins\/seo\/ -->\n<title>Sobre n\u00f3s - Changeman<\/title>\n<meta name=\"robots\" content=\"index, follow, max-snippet:-1, max-image-preview:large, max-video-preview:-1\" \/>\n<link rel=\"canonical\" href=\"https:\/\/changeman.org\/de\/about\/\" \/>\n<meta property=\"og:locale\" content=\"de_DE\" \/>\n<meta property=\"og:type\" content=\"article\" \/>\n<meta property=\"og:title\" content=\"Sobre n\u00f3s\" \/>\n<meta property=\"og:description\" content=\"Seja bem-vindo ao Changeman! Somos um site informativo, dedicado a fornecer conte\u00fados valiosos para nossos leitores. Nosso modelo de neg\u00f3cio \u00e9 baseado na publicidade, o que nos permite oferecer acesso gratuito ao nosso conte\u00fado. No Changeman, buscamos ajudar nossos leitores a tomar decis\u00f5es financeiras mais informadas e a aproveitar ao m\u00e1ximo os aplicativos dispon\u00edveis no&hellip; Continue reading Sobre n\u00f3s\" \/>\n<meta property=\"og:url\" content=\"https:\/\/changeman.org\/de\/about\/\" \/>\n<meta property=\"og:site_name\" content=\"Changeman\" \/>\n<meta property=\"article:modified_time\" content=\"2024-05-15T17:27:56+00:00\" \/>\n<meta name=\"twitter:card\" content=\"summary_large_image\" \/>\n<meta name=\"twitter:label1\" content=\"Est. reading time\" \/>\n\t<meta name=\"twitter:data1\" content=\"1 Minute\" \/>\n<script type=\"application\/ld+json\" class=\"yoast-schema-graph\">{\"@context\":\"https:\/\/schema.org\",\"@graph\":[{\"@type\":\"WebSite\",\"@id\":\"https:\/\/changeman.org\/#website\",\"url\":\"https:\/\/changeman.org\/\",\"name\":\"Changeman\",\"description\":\"\",\"potentialAction\":[{\"@type\":\"SearchAction\",\"target\":{\"@type\":\"EntryPoint\",\"urlTemplate\":\"https:\/\/changeman.org\/?s={search_term_string}\"},\"query-input\":\"required name=search_term_string\"}],\"inLanguage\":\"de-DE\"},{\"@type\":\"WebPage\",\"@id\":\"https:\/\/changeman.org\/about\/#webpage\",\"url\":\"https:\/\/changeman.org\/about\/\",\"name\":\"Sobre n\u00f3s - Changeman\",\"isPartOf\":{\"@id\":\"https:\/\/changeman.org\/#website\"},\"datePublished\":\"2024-05-14T16:11:03+00:00\",\"dateModified\":\"2024-05-15T17:27:56+00:00\",\"breadcrumb\":{\"@id\":\"https:\/\/changeman.org\/about\/#breadcrumb\"},\"inLanguage\":\"de-DE\",\"potentialAction\":[{\"@type\":\"ReadAction\",\"target\":[\"https:\/\/changeman.org\/about\/\"]}]},{\"@type\":\"BreadcrumbList\",\"@id\":\"https:\/\/changeman.org\/about\/#breadcrumb\",\"itemListElement\":[{\"@type\":\"ListItem\",\"position\":1,\"name\":\"Home\",\"item\":\"https:\/\/changeman.org\/\"},{\"@type\":\"ListItem\",\"position\":2,\"name\":\"Sobre n\u00f3s\"}]}]}<\/script>\n<!-- \/ Yoast SEO Premium plugin. -->","yoast_head_json":{"title":"Sobre n\u00f3s - Changeman","robots":{"index":"index","follow":"follow","max-snippet":"max-snippet:-1","max-image-preview":"max-image-preview:large","max-video-preview":"max-video-preview:-1"},"canonical":"https:\/\/changeman.org\/de\/about\/","og_locale":"de_DE","og_type":"article","og_title":"Sobre n\u00f3s","og_description":"Seja bem-vindo ao Changeman! Somos um site informativo, dedicado a fornecer conte\u00fados valiosos para nossos leitores. Nosso modelo de neg\u00f3cio \u00e9 baseado na publicidade, o que nos permite oferecer acesso gratuito ao nosso conte\u00fado. No Changeman, buscamos ajudar nossos leitores a tomar decis\u00f5es financeiras mais informadas e a aproveitar ao m\u00e1ximo os aplicativos dispon\u00edveis no&hellip; Continue reading Sobre n\u00f3s","og_url":"https:\/\/changeman.org\/de\/about\/","og_site_name":"Changeman","article_modified_time":"2024-05-15T17:27:56+00:00","twitter_card":"summary_large_image","twitter_misc":{"Est. reading time":"1 Minute"},"schema":{"@context":"https:\/\/schema.org","@graph":[{"@type":"WebSite","@id":"https:\/\/changeman.org\/#website","url":"https:\/\/changeman.org\/","name":"Changeman","description":"","potentialAction":[{"@type":"SearchAction","target":{"@type":"EntryPoint","urlTemplate":"https:\/\/changeman.org\/?s={search_term_string}"},"query-input":"required name=search_term_string"}],"inLanguage":"de-DE"},{"@type":"WebPage","@id":"https:\/\/changeman.org\/about\/#webpage","url":"https:\/\/changeman.org\/about\/","name":"Sobre n\u00f3s - Changeman","isPartOf":{"@id":"https:\/\/changeman.org\/#website"},"datePublished":"2024-05-14T16:11:03+00:00","dateModified":"2024-05-15T17:27:56+00:00","breadcrumb":{"@id":"https:\/\/changeman.org\/about\/#breadcrumb"},"inLanguage":"de-DE","potentialAction":[{"@type":"ReadAction","target":["https:\/\/changeman.org\/about\/"]}]},{"@type":"BreadcrumbList","@id":"https:\/\/changeman.org\/about\/#breadcrumb","itemListElement":[{"@type":"ListItem","position":1,"name":"Home","item":"https:\/\/changeman.org\/"},{"@type":"ListItem","position":2,"name":"Sobre n\u00f3s"}]}]}},"_links":{"self":[{"href":"https:\/\/changeman.org\/de\/wp-json\/wp\/v2\/pages\/12249"}],"collection":[{"href":"https:\/\/changeman.org\/de\/wp-json\/wp\/v2\/pages"}],"about":[{"href":"https:\/\/changeman.org\/de\/wp-json\/wp\/v2\/types\/page"}],"author":[{"embeddable":true,"href":"https:\/\/changeman.org\/de\/wp-json\/wp\/v2\/users\/11"}],"replies":[{"embeddable":true,"href":"https:\/\/changeman.org\/de\/wp-json\/wp\/v2\/comments?post=12249"}],"version-history":[{"count":0,"href":"https:\/\/changeman.org\/de\/wp-json\/wp\/v2\/pages\/12249\/revisions"}],"wp:attachment":[{"href":"https:\/\/changeman.org\/de\/wp-json\/wp\/v2\/media?parent=12249"}],"curies":[{"name":"wp","href":"https:\/\/api.w.org\/{rel}","templated":true}]}}