{"id":12249,"date":"2024-05-14T16:11:03","date_gmt":"2024-05-14T16:11:03","guid":{"rendered":"https:\/\/changeman.org\/?page_id=12249"},"modified":"2024-05-15T17:27:56","modified_gmt":"2024-05-15T17:27:56","slug":"about","status":"publish","type":"page","link":"https:\/\/changeman.org\/en\/about\/","title":{"rendered":"About us"},"content":{"rendered":"<div class=\"mx-5 sm:mx-0 prose leading-relaxed text-lg mb-5 text-left wp-paragraph\">\n<p>Welcome to Changeman!<\/p>\n<\/div><div class=\"mx-5 sm:mx-0 prose leading-relaxed text-lg mb-5 text-left wp-paragraph\">\n<p>We are an informational website, dedicated to providing valuable content to our readers. Our business model is based on advertising, which allows us to offer free access to our content.<\/p>\n<\/div><div class=\"mx-5 sm:mx-0 prose leading-relaxed text-lg mb-5 text-left wp-paragraph\">\n<p>At Changeman, we aim to help our readers make more informed financial decisions and make the most of the apps available on the market. Therefore, on our website you will find a variety of useful financial tips and detailed reviews of apps to make your day-to-day life easier.<\/p>\n<\/div><div class=\"mx-5 sm:mx-0 prose leading-relaxed text-lg mb-5 text-left wp-paragraph\">\n<p>Your opinion is very important to us. If you have suggestions for improving Changeman, want to suggest apps for review or topics for our content, don&#039;t hesitate to send us a message at&nbsp;<a target=\"_blank\" href=\"https:\/\/changeman.org\/en\/contact\/\" rel=\"noreferrer noopener\">our contact page<\/a>.<\/p>\n<\/div><div class=\"mx-5 sm:mx-0 prose leading-relaxed text-lg mb-5 text-left wp-paragraph\">\n<p>Thanks for visiting!<\/p>\n<\/div>","protected":false},"excerpt":{"rendered":"<p>Welcome to Changeman! We are an informational website, dedicated to providing valuable content to our readers. Our business model is based on advertising, which allows us to offer free access to our content. At Changeman, we aim to help our readers make more informed financial decisions and make the most of the apps available on the\u2026 <a class=\"more-link\" href=\"https:\/\/changeman.org\/en\/about\/\">Continue reading <span class=\"screen-reader-text\">About us<\/span><\/a><\/p>","protected":false},"author":11,"featured_media":0,"parent":0,"menu_order":0,"comment_status":"closed","ping_status":"closed","template":"","meta":{"footnotes":""},"yoast_head":"<!-- This site is optimized with the Yoast SEO Premium plugin v18.7 (Yoast SEO v19.1) - https:\/\/yoast.com\/wordpress\/plugins\/seo\/ -->\n<title>Sobre n\u00f3s - Changeman<\/title>\n<meta name=\"robots\" content=\"index, follow, max-snippet:-1, max-image-preview:large, max-video-preview:-1\" \/>\n<link rel=\"canonical\" href=\"https:\/\/changeman.org\/en\/about\/\" \/>\n<meta property=\"og:locale\" content=\"en_US\" \/>\n<meta property=\"og:type\" content=\"article\" \/>\n<meta property=\"og:title\" content=\"Sobre n\u00f3s\" \/>\n<meta property=\"og:description\" content=\"Seja bem-vindo ao Changeman! Somos um site informativo, dedicado a fornecer conte\u00fados valiosos para nossos leitores. Nosso modelo de neg\u00f3cio \u00e9 baseado na publicidade, o que nos permite oferecer acesso gratuito ao nosso conte\u00fado. No Changeman, buscamos ajudar nossos leitores a tomar decis\u00f5es financeiras mais informadas e a aproveitar ao m\u00e1ximo os aplicativos dispon\u00edveis no&hellip; Continue reading Sobre n\u00f3s\" \/>\n<meta property=\"og:url\" content=\"https:\/\/changeman.org\/en\/about\/\" \/>\n<meta property=\"og:site_name\" content=\"Changeman\" \/>\n<meta property=\"article:modified_time\" content=\"2024-05-15T17:27:56+00:00\" \/>\n<meta name=\"twitter:card\" content=\"summary_large_image\" \/>\n<meta name=\"twitter:label1\" content=\"Est. reading time\" \/>\n\t<meta name=\"twitter:data1\" content=\"1 minute\" \/>\n<script type=\"application\/ld+json\" class=\"yoast-schema-graph\">{\"@context\":\"https:\/\/schema.org\",\"@graph\":[{\"@type\":\"WebSite\",\"@id\":\"https:\/\/changeman.org\/#website\",\"url\":\"https:\/\/changeman.org\/\",\"name\":\"Changeman\",\"description\":\"\",\"potentialAction\":[{\"@type\":\"SearchAction\",\"target\":{\"@type\":\"EntryPoint\",\"urlTemplate\":\"https:\/\/changeman.org\/?s={search_term_string}\"},\"query-input\":\"required name=search_term_string\"}],\"inLanguage\":\"en-US\"},{\"@type\":\"WebPage\",\"@id\":\"https:\/\/changeman.org\/about\/#webpage\",\"url\":\"https:\/\/changeman.org\/about\/\",\"name\":\"Sobre n\u00f3s - Changeman\",\"isPartOf\":{\"@id\":\"https:\/\/changeman.org\/#website\"},\"datePublished\":\"2024-05-14T16:11:03+00:00\",\"dateModified\":\"2024-05-15T17:27:56+00:00\",\"breadcrumb\":{\"@id\":\"https:\/\/changeman.org\/about\/#breadcrumb\"},\"inLanguage\":\"en-US\",\"potentialAction\":[{\"@type\":\"ReadAction\",\"target\":[\"https:\/\/changeman.org\/about\/\"]}]},{\"@type\":\"BreadcrumbList\",\"@id\":\"https:\/\/changeman.org\/about\/#breadcrumb\",\"itemListElement\":[{\"@type\":\"ListItem\",\"position\":1,\"name\":\"Home\",\"item\":\"https:\/\/changeman.org\/\"},{\"@type\":\"ListItem\",\"position\":2,\"name\":\"Sobre n\u00f3s\"}]}]}<\/script>\n<!-- \/ Yoast SEO Premium plugin. -->","yoast_head_json":{"title":"Sobre n\u00f3s - Changeman","robots":{"index":"index","follow":"follow","max-snippet":"max-snippet:-1","max-image-preview":"max-image-preview:large","max-video-preview":"max-video-preview:-1"},"canonical":"https:\/\/changeman.org\/en\/about\/","og_locale":"en_US","og_type":"article","og_title":"Sobre n\u00f3s","og_description":"Seja bem-vindo ao Changeman! Somos um site informativo, dedicado a fornecer conte\u00fados valiosos para nossos leitores. Nosso modelo de neg\u00f3cio \u00e9 baseado na publicidade, o que nos permite oferecer acesso gratuito ao nosso conte\u00fado. No Changeman, buscamos ajudar nossos leitores a tomar decis\u00f5es financeiras mais informadas e a aproveitar ao m\u00e1ximo os aplicativos dispon\u00edveis no&hellip; Continue reading Sobre n\u00f3s","og_url":"https:\/\/changeman.org\/en\/about\/","og_site_name":"Changeman","article_modified_time":"2024-05-15T17:27:56+00:00","twitter_card":"summary_large_image","twitter_misc":{"Est. reading time":"1 minute"},"schema":{"@context":"https:\/\/schema.org","@graph":[{"@type":"WebSite","@id":"https:\/\/changeman.org\/#website","url":"https:\/\/changeman.org\/","name":"Changeman","description":"","potentialAction":[{"@type":"SearchAction","target":{"@type":"EntryPoint","urlTemplate":"https:\/\/changeman.org\/?s={search_term_string}"},"query-input":"required name=search_term_string"}],"inLanguage":"en-US"},{"@type":"WebPage","@id":"https:\/\/changeman.org\/about\/#webpage","url":"https:\/\/changeman.org\/about\/","name":"Sobre n\u00f3s - Changeman","isPartOf":{"@id":"https:\/\/changeman.org\/#website"},"datePublished":"2024-05-14T16:11:03+00:00","dateModified":"2024-05-15T17:27:56+00:00","breadcrumb":{"@id":"https:\/\/changeman.org\/about\/#breadcrumb"},"inLanguage":"en-US","potentialAction":[{"@type":"ReadAction","target":["https:\/\/changeman.org\/about\/"]}]},{"@type":"BreadcrumbList","@id":"https:\/\/changeman.org\/about\/#breadcrumb","itemListElement":[{"@type":"ListItem","position":1,"name":"Home","item":"https:\/\/changeman.org\/"},{"@type":"ListItem","position":2,"name":"Sobre n\u00f3s"}]}]}},"_links":{"self":[{"href":"https:\/\/changeman.org\/en\/wp-json\/wp\/v2\/pages\/12249"}],"collection":[{"href":"https:\/\/changeman.org\/en\/wp-json\/wp\/v2\/pages"}],"about":[{"href":"https:\/\/changeman.org\/en\/wp-json\/wp\/v2\/types\/page"}],"author":[{"embeddable":true,"href":"https:\/\/changeman.org\/en\/wp-json\/wp\/v2\/users\/11"}],"replies":[{"embeddable":true,"href":"https:\/\/changeman.org\/en\/wp-json\/wp\/v2\/comments?post=12249"}],"version-history":[{"count":0,"href":"https:\/\/changeman.org\/en\/wp-json\/wp\/v2\/pages\/12249\/revisions"}],"wp:attachment":[{"href":"https:\/\/changeman.org\/en\/wp-json\/wp\/v2\/media?parent=12249"}],"curies":[{"name":"wp","href":"https:\/\/api.w.org\/{rel}","templated":true}]}}