{"id":12247,"date":"2024-05-14T16:30:31","date_gmt":"2024-05-14T16:30:31","guid":{"rendered":"https:\/\/changeman.org\/?page_id=12247"},"modified":"2024-05-14T16:42:14","modified_gmt":"2024-05-14T16:42:14","slug":"terms","status":"publish","type":"page","link":"https:\/\/changeman.org\/es\/terms\/","title":{"rendered":"T\u00e9rminos de uso \u2013 Changeman"},"content":{"rendered":"<div class=\"mx-5 sm:mx-0 prose leading-relaxed text-lg mb-5 text-left wp-paragraph\">\n<p>Actualizado el 14 de mayo de 2024.<\/p>\n<\/div><div class=\"mx-5 sm:mx-0 prose leading-relaxed text-lg mb-5 text-left wp-paragraph\">\n<p>INDIETECH O\u00dc, una sociedad de responsabilidad limitada (LLC, tambi\u00e9n conocida como O\u00dc) de Estonia, registrada con IVA EE102204759 y con sede en Tallin en 6 Sepapaja Street, CEP 15551, Harju, Estonia, es el fundador, propietario y mantenimiento desde el sitio web de Changeman, accesible a trav\u00e9s del dominio <a style=\" color:;\" href=\"https:\/\/changeman.org\/es\/\">https:\/\/changeman.org\/<\/a>.<\/p>\n<\/div><div class=\"mx-5 sm:mx-0 prose leading-relaxed text-lg mb-5 text-left wp-paragraph\">\n<p>Cuando nos referimos a &quot;nosotros&quot;, &quot;nos&quot; y &quot;nuestro&quot; en estos T\u00e9rminos de uso, estamos hablando de Changeman.<\/p>\n<\/div><div class=\"mx-5 sm:mx-0 prose leading-relaxed text-lg mb-5 text-left wp-paragraph\">\n<p>Changeman es un sitio web especializado en producir contenidos relacionados con finanzas y aplicaciones, brindando informaci\u00f3n, consejos y an\u00e1lisis sobre diversos productos y servicios que cubren estos nichos.<\/p>\n<\/div><div class=\"mx-5 sm:mx-0 prose leading-relaxed text-lg mb-5 text-left wp-paragraph\">\n<p>Estos T\u00e9rminos de uso deben leerse junto con nuestra Pol\u00edtica de privacidad, disponible en <a style=\" color:;\" href=\"https:\/\/changeman.org\/es\/privacy\/\">https:\/\/changeman.org\/privacy<\/a>y cumplen con las leyes aplicables.<\/p>\n<\/div><div class=\"mx-5 sm:mx-0 prose leading-relaxed text-lg mb-5 text-left wp-paragraph\">\n<p><strong>Le recomendamos que revise cuidadosamente estos T\u00e9rminos de uso y, si encuentra disposiciones con las que no est\u00e1 de acuerdo, debe abstenerse de utilizar nuestros servicios.<\/strong><\/p>\n<\/div><!--advertisement--><div class=\"mx-5 sm:mx-0 sm:text-3xl text-2xl font-medium title-font mb-4 text-gray-900 text-left\">\n<h2 class=\"wp-block-heading\" id=\"h-secao-i-admissao\">Secci\u00f3n I \u2013 Admisi\u00f3n <\/h2>\n<\/div><div class=\"mx-5 sm:mx-0 prose leading-relaxed text-lg mb-5 text-left wp-paragraph\">\n<p><strong>1.1<\/strong> Al utilizar nuestros servicios, el usuario acepta seguir los T\u00e9rminos y Condiciones Generales de Uso, as\u00ed como la Pol\u00edtica de Privacidad asociada.<\/p>\n<\/div><div class=\"mx-5 sm:mx-0 prose leading-relaxed text-lg mb-5 text-left wp-paragraph\">\n<p><strong>1.2<\/strong> Es requisito que el usuario tenga al menos 18 a\u00f1os y tenga la capacidad legal para aceptar plenamente estos T\u00e9rminos en todos sus aspectos legales.<\/p>\n<\/div><div class=\"mx-5 sm:mx-0 prose leading-relaxed text-lg mb-5 text-left wp-paragraph\">\n<p>1.3 Los usuarios que no cumplan con estos criterios deber\u00e1n evitar el acceso y\/o uso de los servicios ofrecidos por Changeman, as\u00ed como de los sitios web y servicios gestionados por el mismo.<\/p>\n<\/div><!--advertisement--><div class=\"mx-5 sm:mx-0 sm:text-3xl text-2xl font-medium title-font mb-4 text-gray-900 text-left\">\n<h2 class=\"wp-block-heading\">Secci\u00f3n II \u2013 Contacto <\/h2>\n<\/div><div class=\"mx-5 sm:mx-0 prose leading-relaxed text-lg mb-5 text-left wp-paragraph\">\n<p>Para aclarar dudas o resolver problemas relacionados con nuestros servicios, el usuario puede hacerlo a trav\u00e9s del sitio web de Changeman, a trav\u00e9s del formulario disponible en <a style=\" color:;\" href=\"https:\/\/changeman.org\/es\/contact\/\">https:\/\/changeman.org\/contact\/<\/a>.<\/p>\n<\/div><!--advertisement--><div class=\"mx-5 sm:mx-0 sm:text-3xl text-2xl font-medium title-font mb-4 text-gray-900 text-left\">\n<h2 class=\"wp-block-heading\">Secci\u00f3n III \u2013 Responsabilidades de las Partes <\/h2>\n<\/div><div class=\"mx-5 sm:mx-0 prose leading-relaxed text-lg mb-5 text-left wp-paragraph\">\n<p><strong>3.1 Aceptaci\u00f3n de t\u00e9rminos<\/strong><\/p>\n<\/div><div class=\"mx-5 sm:mx-0 prose leading-relaxed text-lg mb-5 text-left wp-paragraph\">\n<p>Al acceder al sitio web de Changeman, aceptas los t\u00e9rminos y condiciones de uso aqu\u00ed establecidos. Si no est\u00e1 de acuerdo con los t\u00e9rminos y condiciones, abst\u00e9ngase de utilizar el sitio web.<\/p>\n<\/div><div class=\"mx-5 sm:mx-0 prose leading-relaxed text-lg mb-5 text-left wp-paragraph\">\n<p><strong>3.2 Uso del sitio web<\/strong><\/p>\n<\/div><div class=\"mx-5 sm:mx-0 prose leading-relaxed text-lg mb-5 text-left wp-paragraph\">\n<p>El sitio web Changeman tiene como objetivo proporcionar informaci\u00f3n sobre finanzas y aplicaciones. Puede utilizar el sitio para buscar informaci\u00f3n, contenido y recomendaciones relacionadas con estos temas.<\/p>\n<\/div><div class=\"mx-5 sm:mx-0 prose leading-relaxed text-lg mb-5 text-left wp-paragraph\">\n<p><strong>3.3 Responsabilidad<\/strong><\/p>\n<\/div><div class=\"mx-5 sm:mx-0 prose leading-relaxed text-lg mb-5 text-left wp-paragraph\">\n<p>Changeman no se hace responsable de los da\u00f1os causados por virus, malware, uso inadecuado del sitio web o acontecimientos de fuerza mayor.<\/p>\n<\/div><div class=\"mx-5 sm:mx-0 prose leading-relaxed text-lg mb-5 text-left wp-paragraph\">\n<p><strong>3.4 Enlaces a sitios web de terceros<\/strong><\/p>\n<\/div><div class=\"mx-5 sm:mx-0 prose leading-relaxed text-lg mb-5 text-left wp-paragraph\">\n<p>Changeman puede contener enlaces a sitios web de terceros. Estos sitios no est\u00e1n bajo nuestro control y no somos responsables de sus pol\u00edticas, t\u00e9rminos de uso, informaci\u00f3n o transacciones.<\/p>\n<\/div><div class=\"mx-5 sm:mx-0 prose leading-relaxed text-lg mb-5 text-left wp-paragraph\">\n<p><strong>3.5 Informaci\u00f3n personal<\/strong><\/p>\n<\/div><div class=\"mx-5 sm:mx-0 prose leading-relaxed text-lg mb-5 text-left wp-paragraph\">\n<p>Changeman no solicita informaci\u00f3n personal o de registro por correo electr\u00f3nico. Si recibe un correo electr\u00f3nico solicitando esta informaci\u00f3n en nuestro nombre, no responda e informe el correo electr\u00f3nico a Changeman.<\/p>\n<\/div><div class=\"mx-5 sm:mx-0 prose leading-relaxed text-lg mb-5 text-left wp-paragraph\">\n<p><strong>3.6 Contacto<\/strong><\/p>\n<\/div><div class=\"mx-5 sm:mx-0 prose leading-relaxed text-lg mb-5 text-left wp-paragraph\">\n<p>Si tiene preguntas o quejas sobre los t\u00e9rminos y condiciones de uso, comun\u00edquese con nosotros mediante el formulario disponible en <a style=\" color:;\" href=\"https:\/\/changeman.org\/es\/contact\/\">https:\/\/changeman.org\/contact\/<\/a>.<\/p>\n<\/div><!--advertisement--><div class=\"mx-5 sm:mx-0 sm:text-3xl text-2xl font-medium title-font mb-4 text-gray-900 text-left\">\n<h2 class=\"wp-block-heading\">Secci\u00f3n IV \u2013 Condiciones de Uso y Restricciones <\/h2>\n<\/div><div class=\"mx-5 sm:mx-0 prose leading-relaxed text-lg mb-5 text-left wp-paragraph\">\n<p>Est\u00e1 estrictamente prohibido utilizar el sitio web para:<\/p>\n<\/div><div class=\"mx-5 sm:mx-0 prose text-left mb-5\">\n<ul><div class=\"mx-5 sm:mx-0 prose text-left mb-5\">\n<li>Actividades ilegales<\/li>\n<\/div>\n\n<div class=\"mx-5 sm:mx-0 prose text-left mb-5\">\n<li>infracci\u00f3n de copyright<\/li>\n<\/div>\n\n<div class=\"mx-5 sm:mx-0 prose text-left mb-5\">\n<li>Acoso a otros usuarios<\/li>\n<\/div>\n\n<div class=\"mx-5 sm:mx-0 prose text-left mb-5\">\n<li>Difusi\u00f3n de informaci\u00f3n falsa.<\/li>\n<\/div>\n\n<div class=\"mx-5 sm:mx-0 prose text-left mb-5\">\n<li>Propagaci\u00f3n del virus<\/li>\n<\/div>\n\n<div class=\"mx-5 sm:mx-0 prose text-left mb-5\">\n<li>Recopilaci\u00f3n de datos personales sin consentimiento<\/li>\n<\/div>\n\n<div class=\"mx-5 sm:mx-0 prose text-left mb-5\">\n<li>Promoci\u00f3n de spam<\/li>\n<\/div>\n\n<div class=\"mx-5 sm:mx-0 prose text-left mb-5\">\n<li>Actividades obscenas o inmorales.<\/li>\n<\/div>\n\n<div class=\"mx-5 sm:mx-0 prose text-left mb-5\">\n<li>Interferencia con las medidas de seguridad.<\/li>\n<\/div><\/ul>\n<\/div><div class=\"mx-5 sm:mx-0 prose leading-relaxed text-lg mb-5 text-left wp-paragraph\">\n<p><strong data-sider-select-id=\"b64294c6-90d6-4dc5-a2ed-b9291303329a\">Si el usuario viola estos t\u00e9rminos, su acceso al sitio web de Change<\/strong><strong>metro<\/strong><strong data-sider-select-id=\"b64294c6-90d6-4dc5-a2ed-b9291303329a\">un testamento ser\u00e1 rescindido o suspendido.<\/strong><\/p>\n<\/div><!--advertisement--><div class=\"mx-5 sm:mx-0 sm:text-3xl text-2xl font-medium title-font mb-4 text-gray-900 text-left\">\n<h2 class=\"wp-block-heading\">Secci\u00f3n V \u2013 Limitaciones de Responsabilidad y Garant\u00edas <\/h2>\n<\/div><div class=\"mx-5 sm:mx-0 prose leading-relaxed text-lg mb-5 text-left wp-paragraph\">\n<p>Changeman proporciona el Servicio &quot;tal cual&quot;, sin garant\u00edas de continuidad, seguridad o precisi\u00f3n. El acceso al Servicio puede interrumpirse o cancelarse en cualquier momento sin previo aviso. Changeman no es responsable de ning\u00fan da\u00f1o resultante del uso del Servicio, incluido:<\/p>\n<\/div><div class=\"mx-5 sm:mx-0 prose text-left mb-5\">\n<ul><div class=\"mx-5 sm:mx-0 prose text-left mb-5\">\n<li>P\u00e9rdida de beneficios o de datos<\/li>\n<\/div>\n\n<div class=\"mx-5 sm:mx-0 prose text-left mb-5\">\n<li>Da\u00f1os intangibles, como da\u00f1os a la reputaci\u00f3n o a la imagen.<\/li>\n<\/div><\/ul>\n<\/div><div class=\"mx-5 sm:mx-0 prose leading-relaxed text-lg mb-5 text-left wp-paragraph\">\n<p>Sin embargo, en determinados pa\u00edses la legislaci\u00f3n no permite a las empresas eximirse de responsabilidad por da\u00f1os indirectos o inesperados. En tales circunstancias, la responsabilidad de Changeman se limitar\u00e1 al m\u00e1ximo permitido por las leyes locales aplicables.<\/p>\n<\/div><!--advertisement--><div class=\"mx-5 sm:mx-0 sm:text-3xl text-2xl font-medium title-font mb-4 text-gray-900 text-left\">\n<h2 class=\"wp-block-heading\">Secci\u00f3n VI \u2013 Duraci\u00f3n y Plazo <\/h2>\n<\/div><div class=\"mx-5 sm:mx-0 prose leading-relaxed text-lg mb-5 text-left wp-paragraph\">\n<p>Todas las medidas legales o administrativas relacionadas con el uso de Changeman, seg\u00fan lo establecido en estas Condiciones Generales de Uso o en la Pol\u00edtica de Privacidad, deber\u00e1n tomarse en un plazo m\u00e1ximo de 90 d\u00edas. La validez de estos T\u00e9rminos y Condiciones Generales de Uso permanece indefinida.<\/p>\n<\/div><!--advertisement--><div class=\"mx-5 sm:mx-0 sm:text-3xl text-2xl font-medium title-font mb-4 text-gray-900 text-left\">\n<h2 class=\"wp-block-heading\">Secci\u00f3n VII - Legislaci\u00f3n y Jurisdicci\u00f3n <\/h2>\n<\/div><div class=\"mx-5 sm:mx-0 prose leading-relaxed text-lg mb-5 text-left wp-paragraph\">\n<p><strong>7.1<\/strong> La interpretaci\u00f3n combinada de los t\u00e9rminos de servicio y la pol\u00edtica de privacidad es crucial. Ambos se rigen por las leyes brasile\u00f1as, incluida la Constituci\u00f3n Federal, el C\u00f3digo Civil, el C\u00f3digo de Protecci\u00f3n al Consumidor, el Marco Civil da Internet y la Ley General de Protecci\u00f3n de Datos.<\/p>\n<\/div><div class=\"mx-5 sm:mx-0 prose leading-relaxed text-lg mb-5 text-left wp-paragraph\">\n<p><strong>7.2 <\/strong>En caso de desacuerdo en la interpretaci\u00f3n o ejecuci\u00f3n de los t\u00e9rminos de servicio y la pol\u00edtica de privacidad, las partes acuerdan someterse a la jurisdicci\u00f3n exclusiva de la C\u00e1mara de Comercio de Tallin, Estonia.<\/p>\n<\/div><!--advertisement--><div class=\"mx-5 sm:mx-0 sm:text-3xl text-2xl font-medium title-font mb-4 text-gray-900 text-left\">\n<h2 class=\"wp-block-heading\">Secci\u00f3n VIII \u2013 Contenido y Propiedad Intelectual <\/h2>\n<\/div><div class=\"mx-5 sm:mx-0 prose leading-relaxed text-lg mb-5 text-left wp-paragraph\">\n<p><strong>8.1. Contenido y propiedad intelectual<\/strong><\/p>\n<\/div><div class=\"mx-5 sm:mx-0 prose leading-relaxed text-lg mb-5 text-left wp-paragraph\">\n<p>Todo el contenido de Changeman est\u00e1 protegido por derechos de autor y propiedad intelectual. Est\u00e1 prohibida la reproducci\u00f3n, modificaci\u00f3n, distribuci\u00f3n, exhibici\u00f3n o creaci\u00f3n de trabajos derivados sin la autorizaci\u00f3n previa de Changeman.<\/p>\n<\/div><div class=\"mx-5 sm:mx-0 prose leading-relaxed text-lg mb-5 text-left wp-paragraph\">\n<p><strong>8.2 Responsabilidad<\/strong><\/p>\n<\/div><div class=\"mx-5 sm:mx-0 prose leading-relaxed text-lg mb-5 text-left wp-paragraph\">\n<p>Changeman no asume ninguna responsabilidad por contenidos provenientes de terceros, como comentarios o publicaciones en foros o redes sociales. Asimismo, no es responsable de posibles da\u00f1os derivados del uso del sitio web, ya sean directos, indirectos, incidentales o consecuentes.<\/p>\n<\/div><div class=\"mx-5 sm:mx-0 prose leading-relaxed text-lg mb-5 text-left wp-paragraph\">\n<p><strong>8.3 Infracciones<\/strong><\/p>\n<\/div><div class=\"mx-5 sm:mx-0 prose leading-relaxed text-lg mb-5 text-left wp-paragraph\">\n<p>Changeman se reserva el derecho de eliminar contenidos que violen los t\u00e9rminos de uso, especialmente aquellos que se consideren ilegales, ofensivos, difamatorios o que infrinjan derechos de terceros. Adem\u00e1s, nos reservamos el derecho de cancelar cuentas de usuario que no cumplan con los t\u00e9rminos de uso.<\/p>\n<\/div><!--advertisement--><div class=\"mx-5 sm:mx-0 sm:text-3xl text-2xl font-medium title-font mb-4 text-gray-900 text-left\">\n<h2 class=\"wp-block-heading\">Secci\u00f3n IX \u2013 Cambios a los T\u00e9rminos y Condiciones <\/h2>\n<\/div><div class=\"mx-5 sm:mx-0 prose leading-relaxed text-lg mb-5 text-left wp-paragraph\">\n<p>Nos reservamos el derecho de suspender o modificar cualquier servicio en cualquier momento sin previo aviso a los usuarios. Los usuarios pueden ver la versi\u00f3n m\u00e1s reciente de estos T\u00e9rminos de uso en cualquier momento en <a style=\" color:;\" href=\"https:\/\/changeman.org\/es\/terms\/\">https:\/\/changeman.org\/terms\/<\/a>. Dichas modificaciones no implican obligaciones para Changeman.<\/p>\n<\/div><div class=\"mx-5 sm:mx-0 prose leading-relaxed text-lg mb-5 text-left wp-paragraph\">\n<p>Al utilizar el sitio web de Changeman, acepta los t\u00e9rminos y condiciones de uso. Si no est\u00e1 de acuerdo con estos t\u00e9rminos, le recomendamos que evite utilizar el sitio.<\/p>\n<\/div><!--advertisement--><div class=\"mx-5 sm:mx-0 sm:text-3xl text-2xl font-medium title-font mb-4 text-gray-900 text-left\">\n<h2 class=\"wp-block-heading\">Secci\u00f3n X \u2013 Informaci\u00f3n de contacto <\/h2>\n<\/div><div class=\"mx-5 sm:mx-0 prose leading-relaxed text-lg mb-5 text-left wp-paragraph\">\n<p>Estamos disponibles para ayudarte. Si tiene alguna pregunta o sugerencia sobre nuestros servicios, no dude en ponerse en contacto con nuestro equipo de atenci\u00f3n al cliente. Puedes enviar tu mensaje utilizando el formulario disponible en <a style=\" color:;\" href=\"https:\/\/changeman.org\/es\/contact\/\">https:\/\/changeman.org\/contact\/<\/a>.<\/p>\n<\/div>","protected":false},"excerpt":{"rendered":"<p>Actualizado el 14 de mayo de 2024. INDIETECH O\u00dc, sociedad de responsabilidad limitada estonia (LLC, tambi\u00e9n conocida como O\u00dc), registrada con el n\u00famero de IVA EE102204759 y con sede en Tallin, calle Sepapaja 6, c\u00f3digo postal 15551, Harju, Estonia, es la fundadora, propietaria y responsable del sitio web Changeman, accesible a trav\u00e9s del dominio https:\/\/changeman.org\/. Cuando\u2026 <a class=\"more-link\" href=\"https:\/\/changeman.org\/es\/terms\/\">sigue leyendo <span class=\"screen-reader-text\">T\u00e9rminos de uso \u2013 Changeman<\/span><\/a><\/p>","protected":false},"author":11,"featured_media":0,"parent":0,"menu_order":0,"comment_status":"closed","ping_status":"closed","template":"","meta":{"footnotes":""},"yoast_head":"<!-- This site is optimized with the Yoast SEO Premium plugin v18.7 (Yoast SEO v19.1) - https:\/\/yoast.com\/wordpress\/plugins\/seo\/ -->\n<title>Termos de Uso - Changeman - Changeman<\/title>\n<meta name=\"robots\" content=\"index, follow, max-snippet:-1, max-image-preview:large, max-video-preview:-1\" \/>\n<link rel=\"canonical\" href=\"https:\/\/changeman.org\/es\/terms\/\" \/>\n<meta property=\"og:locale\" content=\"es_ES\" \/>\n<meta property=\"og:type\" content=\"article\" \/>\n<meta property=\"og:title\" content=\"Termos de Uso - Changeman\" \/>\n<meta property=\"og:description\" content=\"Atualizado em 14 de Maio de 2024. A INDIETECH O\u00dc, uma empresa de responsabilidade limitada estoniana (LLC, tamb\u00e9m conhecida como O\u00dc), registrada sob o VAT EE102204759 e sediada em Tallinn, na Rua Sepapaja 6, CEP 15551, Harju, Est\u00f4nia, \u00e9 a fundadora, propriet\u00e1ria e respons\u00e1vel pela manuten\u00e7\u00e3o do site Changeman, acess\u00edvel atrav\u00e9s do dom\u00ednio https:\/\/changeman.org\/. Quando&hellip; Continue reading Termos de Uso &#8211; Changeman\" \/>\n<meta property=\"og:url\" content=\"https:\/\/changeman.org\/es\/terms\/\" \/>\n<meta property=\"og:site_name\" content=\"Changeman\" \/>\n<meta property=\"article:modified_time\" content=\"2024-05-14T16:42:14+00:00\" \/>\n<meta name=\"twitter:card\" content=\"summary_large_image\" \/>\n<meta name=\"twitter:label1\" content=\"Est. reading time\" \/>\n\t<meta name=\"twitter:data1\" content=\"6 minutos\" \/>\n<script type=\"application\/ld+json\" class=\"yoast-schema-graph\">{\"@context\":\"https:\/\/schema.org\",\"@graph\":[{\"@type\":\"WebSite\",\"@id\":\"https:\/\/changeman.org\/#website\",\"url\":\"https:\/\/changeman.org\/\",\"name\":\"Changeman\",\"description\":\"\",\"potentialAction\":[{\"@type\":\"SearchAction\",\"target\":{\"@type\":\"EntryPoint\",\"urlTemplate\":\"https:\/\/changeman.org\/?s={search_term_string}\"},\"query-input\":\"required name=search_term_string\"}],\"inLanguage\":\"es\"},{\"@type\":\"WebPage\",\"@id\":\"https:\/\/changeman.org\/terms\/#webpage\",\"url\":\"https:\/\/changeman.org\/terms\/\",\"name\":\"Termos de Uso - Changeman - Changeman\",\"isPartOf\":{\"@id\":\"https:\/\/changeman.org\/#website\"},\"datePublished\":\"2024-05-14T16:30:31+00:00\",\"dateModified\":\"2024-05-14T16:42:14+00:00\",\"breadcrumb\":{\"@id\":\"https:\/\/changeman.org\/terms\/#breadcrumb\"},\"inLanguage\":\"es\",\"potentialAction\":[{\"@type\":\"ReadAction\",\"target\":[\"https:\/\/changeman.org\/terms\/\"]}]},{\"@type\":\"BreadcrumbList\",\"@id\":\"https:\/\/changeman.org\/terms\/#breadcrumb\",\"itemListElement\":[{\"@type\":\"ListItem\",\"position\":1,\"name\":\"Home\",\"item\":\"https:\/\/changeman.org\/\"},{\"@type\":\"ListItem\",\"position\":2,\"name\":\"Termos de Uso &#8211; Changeman\"}]}]}<\/script>\n<!-- \/ Yoast SEO Premium plugin. -->","yoast_head_json":{"title":"Termos de Uso - Changeman - Changeman","robots":{"index":"index","follow":"follow","max-snippet":"max-snippet:-1","max-image-preview":"max-image-preview:large","max-video-preview":"max-video-preview:-1"},"canonical":"https:\/\/changeman.org\/es\/terms\/","og_locale":"es_ES","og_type":"article","og_title":"Termos de Uso - Changeman","og_description":"Atualizado em 14 de Maio de 2024. A INDIETECH O\u00dc, uma empresa de responsabilidade limitada estoniana (LLC, tamb\u00e9m conhecida como O\u00dc), registrada sob o VAT EE102204759 e sediada em Tallinn, na Rua Sepapaja 6, CEP 15551, Harju, Est\u00f4nia, \u00e9 a fundadora, propriet\u00e1ria e respons\u00e1vel pela manuten\u00e7\u00e3o do site Changeman, acess\u00edvel atrav\u00e9s do dom\u00ednio https:\/\/changeman.org\/. Quando&hellip; Continue reading Termos de Uso &#8211; Changeman","og_url":"https:\/\/changeman.org\/es\/terms\/","og_site_name":"Changeman","article_modified_time":"2024-05-14T16:42:14+00:00","twitter_card":"summary_large_image","twitter_misc":{"Est. reading time":"6 minutos"},"schema":{"@context":"https:\/\/schema.org","@graph":[{"@type":"WebSite","@id":"https:\/\/changeman.org\/#website","url":"https:\/\/changeman.org\/","name":"Changeman","description":"","potentialAction":[{"@type":"SearchAction","target":{"@type":"EntryPoint","urlTemplate":"https:\/\/changeman.org\/?s={search_term_string}"},"query-input":"required name=search_term_string"}],"inLanguage":"es"},{"@type":"WebPage","@id":"https:\/\/changeman.org\/terms\/#webpage","url":"https:\/\/changeman.org\/terms\/","name":"Termos de Uso - Changeman - Changeman","isPartOf":{"@id":"https:\/\/changeman.org\/#website"},"datePublished":"2024-05-14T16:30:31+00:00","dateModified":"2024-05-14T16:42:14+00:00","breadcrumb":{"@id":"https:\/\/changeman.org\/terms\/#breadcrumb"},"inLanguage":"es","potentialAction":[{"@type":"ReadAction","target":["https:\/\/changeman.org\/terms\/"]}]},{"@type":"BreadcrumbList","@id":"https:\/\/changeman.org\/terms\/#breadcrumb","itemListElement":[{"@type":"ListItem","position":1,"name":"Home","item":"https:\/\/changeman.org\/"},{"@type":"ListItem","position":2,"name":"Termos de Uso &#8211; Changeman"}]}]}},"_links":{"self":[{"href":"https:\/\/changeman.org\/es\/wp-json\/wp\/v2\/pages\/12247"}],"collection":[{"href":"https:\/\/changeman.org\/es\/wp-json\/wp\/v2\/pages"}],"about":[{"href":"https:\/\/changeman.org\/es\/wp-json\/wp\/v2\/types\/page"}],"author":[{"embeddable":true,"href":"https:\/\/changeman.org\/es\/wp-json\/wp\/v2\/users\/11"}],"replies":[{"embeddable":true,"href":"https:\/\/changeman.org\/es\/wp-json\/wp\/v2\/comments?post=12247"}],"version-history":[{"count":0,"href":"https:\/\/changeman.org\/es\/wp-json\/wp\/v2\/pages\/12247\/revisions"}],"wp:attachment":[{"href":"https:\/\/changeman.org\/es\/wp-json\/wp\/v2\/media?parent=12247"}],"curies":[{"name":"wp","href":"https:\/\/api.w.org\/{rel}","templated":true}]}}