{"id":12249,"date":"2024-05-14T16:11:03","date_gmt":"2024-05-14T16:11:03","guid":{"rendered":"https:\/\/changeman.org\/?page_id=12249"},"modified":"2024-05-15T17:27:56","modified_gmt":"2024-05-15T17:27:56","slug":"about","status":"publish","type":"page","link":"https:\/\/changeman.org\/es\/about\/","title":{"rendered":"Sobre nosotros"},"content":{"rendered":"<div class=\"mx-5 sm:mx-0 prose leading-relaxed text-lg mb-5 text-left wp-paragraph\">\n<p>\u00a1Bienvenidos a Changeman!<\/p>\n<\/div><div class=\"mx-5 sm:mx-0 prose leading-relaxed text-lg mb-5 text-left wp-paragraph\">\n<p>Somos un sitio web informativo, dedicado a brindar contenido de valor a nuestros lectores. Nuestro modelo de negocio se basa en la publicidad, lo que nos permite ofrecer acceso gratuito a nuestros contenidos.<\/p>\n<\/div><div class=\"mx-5 sm:mx-0 prose leading-relaxed text-lg mb-5 text-left wp-paragraph\">\n<p>En Changeman, nuestro objetivo es ayudar a nuestros lectores a tomar decisiones financieras m\u00e1s informadas y aprovechar al m\u00e1ximo las aplicaciones disponibles en el mercado. Por lo tanto, en nuestro sitio web encontrar\u00e1 una variedad de consejos financieros \u00fatiles y rese\u00f1as detalladas de aplicaciones para facilitar su vida diaria.<\/p>\n<\/div><div class=\"mx-5 sm:mx-0 prose leading-relaxed text-lg mb-5 text-left wp-paragraph\">\n<p>Su opini\u00f3n es muy importante para nosotros. Si tienes sugerencias para mejorar Changeman, quieres sugerir aplicaciones para an\u00e1lisis o temas para nuestro contenido, no dudes en enviarnos un mensaje a&nbsp;<a target=\"_blank\" href=\"https:\/\/changeman.org\/es\/contact\/\" rel=\"noreferrer noopener\">nuestra pagina de contacto<\/a>.<\/p>\n<\/div><div class=\"mx-5 sm:mx-0 prose leading-relaxed text-lg mb-5 text-left wp-paragraph\">\n<p>\u00a1Gracias por la visita!<\/p>\n<\/div>","protected":false},"excerpt":{"rendered":"<p>\u00a1Bienvenido a Changeman! Somos un sitio web informativo dedicado a ofrecer contenido valioso a nuestros lectores. Nuestro modelo de negocio se basa en la publicidad, lo que nos permite ofrecer acceso gratuito a nuestro contenido. En Changeman, nos esforzamos por ayudar a nuestros lectores a tomar decisiones financieras m\u00e1s informadas y a aprovechar al m\u00e1ximo las aplicaciones disponibles en\u2026 <a class=\"more-link\" href=\"https:\/\/changeman.org\/es\/about\/\">sigue leyendo <span class=\"screen-reader-text\">Sobre nosotros<\/span><\/a><\/p>","protected":false},"author":11,"featured_media":0,"parent":0,"menu_order":0,"comment_status":"closed","ping_status":"closed","template":"","meta":{"footnotes":""},"yoast_head":"<!-- This site is optimized with the Yoast SEO Premium plugin v18.7 (Yoast SEO v19.1) - https:\/\/yoast.com\/wordpress\/plugins\/seo\/ -->\n<title>Sobre n\u00f3s - Changeman<\/title>\n<meta name=\"robots\" content=\"index, follow, max-snippet:-1, max-image-preview:large, max-video-preview:-1\" \/>\n<link rel=\"canonical\" href=\"https:\/\/changeman.org\/es\/about\/\" \/>\n<meta property=\"og:locale\" content=\"es_ES\" \/>\n<meta property=\"og:type\" content=\"article\" \/>\n<meta property=\"og:title\" content=\"Sobre n\u00f3s\" \/>\n<meta property=\"og:description\" content=\"Seja bem-vindo ao Changeman! Somos um site informativo, dedicado a fornecer conte\u00fados valiosos para nossos leitores. Nosso modelo de neg\u00f3cio \u00e9 baseado na publicidade, o que nos permite oferecer acesso gratuito ao nosso conte\u00fado. No Changeman, buscamos ajudar nossos leitores a tomar decis\u00f5es financeiras mais informadas e a aproveitar ao m\u00e1ximo os aplicativos dispon\u00edveis no&hellip; Continue reading Sobre n\u00f3s\" \/>\n<meta property=\"og:url\" content=\"https:\/\/changeman.org\/es\/about\/\" \/>\n<meta property=\"og:site_name\" content=\"Changeman\" \/>\n<meta property=\"article:modified_time\" content=\"2024-05-15T17:27:56+00:00\" \/>\n<meta name=\"twitter:card\" content=\"summary_large_image\" \/>\n<meta name=\"twitter:label1\" content=\"Est. reading time\" \/>\n\t<meta name=\"twitter:data1\" content=\"1 minuto\" \/>\n<script type=\"application\/ld+json\" class=\"yoast-schema-graph\">{\"@context\":\"https:\/\/schema.org\",\"@graph\":[{\"@type\":\"WebSite\",\"@id\":\"https:\/\/changeman.org\/#website\",\"url\":\"https:\/\/changeman.org\/\",\"name\":\"Changeman\",\"description\":\"\",\"potentialAction\":[{\"@type\":\"SearchAction\",\"target\":{\"@type\":\"EntryPoint\",\"urlTemplate\":\"https:\/\/changeman.org\/?s={search_term_string}\"},\"query-input\":\"required name=search_term_string\"}],\"inLanguage\":\"es\"},{\"@type\":\"WebPage\",\"@id\":\"https:\/\/changeman.org\/about\/#webpage\",\"url\":\"https:\/\/changeman.org\/about\/\",\"name\":\"Sobre n\u00f3s - Changeman\",\"isPartOf\":{\"@id\":\"https:\/\/changeman.org\/#website\"},\"datePublished\":\"2024-05-14T16:11:03+00:00\",\"dateModified\":\"2024-05-15T17:27:56+00:00\",\"breadcrumb\":{\"@id\":\"https:\/\/changeman.org\/about\/#breadcrumb\"},\"inLanguage\":\"es\",\"potentialAction\":[{\"@type\":\"ReadAction\",\"target\":[\"https:\/\/changeman.org\/about\/\"]}]},{\"@type\":\"BreadcrumbList\",\"@id\":\"https:\/\/changeman.org\/about\/#breadcrumb\",\"itemListElement\":[{\"@type\":\"ListItem\",\"position\":1,\"name\":\"Home\",\"item\":\"https:\/\/changeman.org\/\"},{\"@type\":\"ListItem\",\"position\":2,\"name\":\"Sobre n\u00f3s\"}]}]}<\/script>\n<!-- \/ Yoast SEO Premium plugin. -->","yoast_head_json":{"title":"Sobre n\u00f3s - Changeman","robots":{"index":"index","follow":"follow","max-snippet":"max-snippet:-1","max-image-preview":"max-image-preview:large","max-video-preview":"max-video-preview:-1"},"canonical":"https:\/\/changeman.org\/es\/about\/","og_locale":"es_ES","og_type":"article","og_title":"Sobre n\u00f3s","og_description":"Seja bem-vindo ao Changeman! Somos um site informativo, dedicado a fornecer conte\u00fados valiosos para nossos leitores. Nosso modelo de neg\u00f3cio \u00e9 baseado na publicidade, o que nos permite oferecer acesso gratuito ao nosso conte\u00fado. No Changeman, buscamos ajudar nossos leitores a tomar decis\u00f5es financeiras mais informadas e a aproveitar ao m\u00e1ximo os aplicativos dispon\u00edveis no&hellip; Continue reading Sobre n\u00f3s","og_url":"https:\/\/changeman.org\/es\/about\/","og_site_name":"Changeman","article_modified_time":"2024-05-15T17:27:56+00:00","twitter_card":"summary_large_image","twitter_misc":{"Est. reading time":"1 minuto"},"schema":{"@context":"https:\/\/schema.org","@graph":[{"@type":"WebSite","@id":"https:\/\/changeman.org\/#website","url":"https:\/\/changeman.org\/","name":"Changeman","description":"","potentialAction":[{"@type":"SearchAction","target":{"@type":"EntryPoint","urlTemplate":"https:\/\/changeman.org\/?s={search_term_string}"},"query-input":"required name=search_term_string"}],"inLanguage":"es"},{"@type":"WebPage","@id":"https:\/\/changeman.org\/about\/#webpage","url":"https:\/\/changeman.org\/about\/","name":"Sobre n\u00f3s - Changeman","isPartOf":{"@id":"https:\/\/changeman.org\/#website"},"datePublished":"2024-05-14T16:11:03+00:00","dateModified":"2024-05-15T17:27:56+00:00","breadcrumb":{"@id":"https:\/\/changeman.org\/about\/#breadcrumb"},"inLanguage":"es","potentialAction":[{"@type":"ReadAction","target":["https:\/\/changeman.org\/about\/"]}]},{"@type":"BreadcrumbList","@id":"https:\/\/changeman.org\/about\/#breadcrumb","itemListElement":[{"@type":"ListItem","position":1,"name":"Home","item":"https:\/\/changeman.org\/"},{"@type":"ListItem","position":2,"name":"Sobre n\u00f3s"}]}]}},"_links":{"self":[{"href":"https:\/\/changeman.org\/es\/wp-json\/wp\/v2\/pages\/12249"}],"collection":[{"href":"https:\/\/changeman.org\/es\/wp-json\/wp\/v2\/pages"}],"about":[{"href":"https:\/\/changeman.org\/es\/wp-json\/wp\/v2\/types\/page"}],"author":[{"embeddable":true,"href":"https:\/\/changeman.org\/es\/wp-json\/wp\/v2\/users\/11"}],"replies":[{"embeddable":true,"href":"https:\/\/changeman.org\/es\/wp-json\/wp\/v2\/comments?post=12249"}],"version-history":[{"count":0,"href":"https:\/\/changeman.org\/es\/wp-json\/wp\/v2\/pages\/12249\/revisions"}],"wp:attachment":[{"href":"https:\/\/changeman.org\/es\/wp-json\/wp\/v2\/media?parent=12249"}],"curies":[{"name":"wp","href":"https:\/\/api.w.org\/{rel}","templated":true}]}}