{"id":12247,"date":"2024-05-14T16:30:31","date_gmt":"2024-05-14T16:30:31","guid":{"rendered":"https:\/\/changeman.org\/?page_id=12247"},"modified":"2024-05-14T16:42:14","modified_gmt":"2024-05-14T16:42:14","slug":"terms","status":"publish","type":"page","link":"https:\/\/changeman.org\/fr\/terms\/","title":{"rendered":"Conditions d&#039;utilisation \u2013 Changeman"},"content":{"rendered":"<div class=\"mx-5 sm:mx-0 prose leading-relaxed text-lg mb-5 text-left wp-paragraph\">\n<p>Mis \u00e0 jour le 14 mai 2024.<\/p>\n<\/div><div class=\"mx-5 sm:mx-0 prose leading-relaxed text-lg mb-5 text-left wp-paragraph\">\n<p>INDIETECH O\u00dc, une soci\u00e9t\u00e9 estonienne \u00e0 responsabilit\u00e9 limit\u00e9e (LLC, \u00e9galement connue sous le nom de O\u00dc), enregistr\u00e9e sous le num\u00e9ro de TVA EE102204759 et dont le si\u00e8ge est \u00e0 Tallinn au 6 Sepapaja Street, CEP 15551, Harju, Estonie, est le fondateur, propri\u00e9taire et responsable de la maintenance du site Web Changeman, accessible \u00e0 travers le domaine <a style=\" color:;\" href=\"https:\/\/changeman.org\/fr\/\">https:\/\/changeman.org\/<\/a>.<\/p>\n<\/div><div class=\"mx-5 sm:mx-0 prose leading-relaxed text-lg mb-5 text-left wp-paragraph\">\n<p>Lorsque nous faisons r\u00e9f\u00e9rence \u00e0 \u00ab nous \u00bb, \u00ab notre \u00bb et \u00ab notre \u00bb dans les pr\u00e9sentes conditions d&#039;utilisation, nous parlons de Changeman.<\/p>\n<\/div><div class=\"mx-5 sm:mx-0 prose leading-relaxed text-lg mb-5 text-left wp-paragraph\">\n<p>Changeman est un site Web sp\u00e9cialis\u00e9 dans la production de contenu li\u00e9 \u00e0 la finance et aux applications, fournissant des informations, des conseils et des analyses sur divers produits et services qui couvrent ces niches.<\/p>\n<\/div><div class=\"mx-5 sm:mx-0 prose leading-relaxed text-lg mb-5 text-left wp-paragraph\">\n<p>Ces conditions d&#039;utilisation doivent \u00eatre lues conjointement avec notre politique de confidentialit\u00e9, disponible sur <a style=\" color:;\" href=\"https:\/\/changeman.org\/fr\/privacy\/\">https:\/\/changeman.org\/privacy<\/a>, et sont conformes aux lois applicables.<\/p>\n<\/div><div class=\"mx-5 sm:mx-0 prose leading-relaxed text-lg mb-5 text-left wp-paragraph\">\n<p><strong>Nous vous encourageons \u00e0 lire attentivement ces conditions d&#039;utilisation et, si vous trouvez des dispositions avec lesquelles vous n&#039;\u00eates pas d&#039;accord, vous devez vous abstenir d&#039;utiliser nos services.<\/strong><\/p>\n<\/div><!--advertisement--><div class=\"mx-5 sm:mx-0 sm:text-3xl text-2xl font-medium title-font mb-4 text-gray-900 text-left\">\n<h2 class=\"wp-block-heading\" id=\"h-secao-i-admissao\">Section I \u2013 Admission <\/h2>\n<\/div><div class=\"mx-5 sm:mx-0 prose leading-relaxed text-lg mb-5 text-left wp-paragraph\">\n<p><strong>1.1<\/strong> Lors de l&#039;utilisation de nos services, l&#039;utilisateur s&#039;engage \u00e0 respecter les Conditions G\u00e9n\u00e9rales d&#039;Utilisation, ainsi que la Politique de Confidentialit\u00e9 associ\u00e9e.<\/p>\n<\/div><div class=\"mx-5 sm:mx-0 prose leading-relaxed text-lg mb-5 text-left wp-paragraph\">\n<p><strong>1.2<\/strong> Il est n\u00e9cessaire que l&#039;utilisateur soit \u00e2g\u00e9 d&#039;au moins 18 ans et ait la capacit\u00e9 juridique pour accepter pleinement les pr\u00e9sentes Conditions dans tous leurs aspects juridiques.<\/p>\n<\/div><div class=\"mx-5 sm:mx-0 prose leading-relaxed text-lg mb-5 text-left wp-paragraph\">\n<p>1.3 Les utilisateurs qui ne r\u00e9pondent pas \u00e0 ces crit\u00e8res doivent \u00e9viter d&#039;acc\u00e9der et\/ou d&#039;utiliser les services propos\u00e9s par Changeman, ainsi que les sites Web et services g\u00e9r\u00e9s par celui-ci.<\/p>\n<\/div><!--advertisement--><div class=\"mx-5 sm:mx-0 sm:text-3xl text-2xl font-medium title-font mb-4 text-gray-900 text-left\">\n<h2 class=\"wp-block-heading\">Section II \u2013 Contact <\/h2>\n<\/div><div class=\"mx-5 sm:mx-0 prose leading-relaxed text-lg mb-5 text-left wp-paragraph\">\n<p>Pour clarifier des doutes ou r\u00e9soudre des probl\u00e8mes li\u00e9s \u00e0 nos services, l&#039;utilisateur peut le faire via le site Changeman, via le formulaire disponible \u00e0 l&#039;adresse <a style=\" color:;\" href=\"https:\/\/changeman.org\/fr\/contact\/\">https:\/\/changeman.org\/contact\/<\/a>.<\/p>\n<\/div><!--advertisement--><div class=\"mx-5 sm:mx-0 sm:text-3xl text-2xl font-medium title-font mb-4 text-gray-900 text-left\">\n<h2 class=\"wp-block-heading\">Section III \u2013 Responsabilit\u00e9s des parties <\/h2>\n<\/div><div class=\"mx-5 sm:mx-0 prose leading-relaxed text-lg mb-5 text-left wp-paragraph\">\n<p><strong>3.1 Acceptation des conditions<\/strong><\/p>\n<\/div><div class=\"mx-5 sm:mx-0 prose leading-relaxed text-lg mb-5 text-left wp-paragraph\">\n<p>En acc\u00e9dant au site Web Changeman, vous acceptez les termes et conditions d&#039;utilisation \u00e9tablis ici. Si vous n&#039;\u00eates pas d&#039;accord avec les termes et conditions, veuillez vous abstenir d&#039;utiliser le site Web.<\/p>\n<\/div><div class=\"mx-5 sm:mx-0 prose leading-relaxed text-lg mb-5 text-left wp-paragraph\">\n<p><strong>3.2 Utilisation du site Internet<\/strong><\/p>\n<\/div><div class=\"mx-5 sm:mx-0 prose leading-relaxed text-lg mb-5 text-left wp-paragraph\">\n<p>Le site Web Changeman vise \u00e0 fournir des informations sur le financement et les candidatures. Vous pouvez utiliser le site pour rechercher des informations, du contenu et des recommandations li\u00e9s \u00e0 ces sujets.<\/p>\n<\/div><div class=\"mx-5 sm:mx-0 prose leading-relaxed text-lg mb-5 text-left wp-paragraph\">\n<p><strong>3.3 Responsabilit\u00e9<\/strong><\/p>\n<\/div><div class=\"mx-5 sm:mx-0 prose leading-relaxed text-lg mb-5 text-left wp-paragraph\">\n<p>Changeman n&#039;est pas responsable des dommages caus\u00e9s par des virus, des logiciels malveillants, une utilisation inappropri\u00e9e du site Web ou des \u00e9v\u00e9nements de force majeure.<\/p>\n<\/div><div class=\"mx-5 sm:mx-0 prose leading-relaxed text-lg mb-5 text-left wp-paragraph\">\n<p><strong>3.4 Liens vers des sites Web tiers<\/strong><\/p>\n<\/div><div class=\"mx-5 sm:mx-0 prose leading-relaxed text-lg mb-5 text-left wp-paragraph\">\n<p>Changeman peut contenir des liens vers des sites Web tiers. Ces sites ne sont pas sous notre contr\u00f4le et nous ne sommes pas responsables de leurs politiques, conditions d&#039;utilisation, informations ou transactions.<\/p>\n<\/div><div class=\"mx-5 sm:mx-0 prose leading-relaxed text-lg mb-5 text-left wp-paragraph\">\n<p><strong>3.5 Informations personnelles<\/strong><\/p>\n<\/div><div class=\"mx-5 sm:mx-0 prose leading-relaxed text-lg mb-5 text-left wp-paragraph\">\n<p>Changeman ne demande pas d&#039;informations personnelles ou d&#039;inscription par e-mail. Si vous recevez un e-mail demandant ces informations en notre nom, veuillez ne pas r\u00e9pondre et signaler l&#039;e-mail \u00e0 Changeman.<\/p>\n<\/div><div class=\"mx-5 sm:mx-0 prose leading-relaxed text-lg mb-5 text-left wp-paragraph\">\n<p><strong>3.6 Contact<\/strong><\/p>\n<\/div><div class=\"mx-5 sm:mx-0 prose leading-relaxed text-lg mb-5 text-left wp-paragraph\">\n<p>Si vous avez des questions ou des r\u00e9clamations concernant les conditions g\u00e9n\u00e9rales d&#039;utilisation, veuillez nous contacter en utilisant le formulaire disponible sur <a style=\" color:;\" href=\"https:\/\/changeman.org\/fr\/contact\/\">https:\/\/changeman.org\/contact\/<\/a>.<\/p>\n<\/div><!--advertisement--><div class=\"mx-5 sm:mx-0 sm:text-3xl text-2xl font-medium title-font mb-4 text-gray-900 text-left\">\n<h2 class=\"wp-block-heading\">Section IV \u2013 Conditions d&#039;utilisation et restrictions <\/h2>\n<\/div><div class=\"mx-5 sm:mx-0 prose leading-relaxed text-lg mb-5 text-left wp-paragraph\">\n<p>Il est strictement interdit d&#039;utiliser le site Internet pour :<\/p>\n<\/div><div class=\"mx-5 sm:mx-0 prose text-left mb-5\">\n<ul><div class=\"mx-5 sm:mx-0 prose text-left mb-5\">\n<li>Activit\u00e9s ill\u00e9gales<\/li>\n<\/div>\n\n<div class=\"mx-5 sm:mx-0 prose text-left mb-5\">\n<li>Violation du droit d&#039;auteur<\/li>\n<\/div>\n\n<div class=\"mx-5 sm:mx-0 prose text-left mb-5\">\n<li>Harc\u00e8lement des autres utilisateurs<\/li>\n<\/div>\n\n<div class=\"mx-5 sm:mx-0 prose text-left mb-5\">\n<li>Diffusion de fausses informations<\/li>\n<\/div>\n\n<div class=\"mx-5 sm:mx-0 prose text-left mb-5\">\n<li>Propagation du virus<\/li>\n<\/div>\n\n<div class=\"mx-5 sm:mx-0 prose text-left mb-5\">\n<li>Collecte de donn\u00e9es personnelles sans consentement<\/li>\n<\/div>\n\n<div class=\"mx-5 sm:mx-0 prose text-left mb-5\">\n<li>Promotion du spam<\/li>\n<\/div>\n\n<div class=\"mx-5 sm:mx-0 prose text-left mb-5\">\n<li>Activit\u00e9s obsc\u00e8nes ou immorales<\/li>\n<\/div>\n\n<div class=\"mx-5 sm:mx-0 prose text-left mb-5\">\n<li>Interf\u00e9rence avec les mesures de s\u00e9curit\u00e9.<\/li>\n<\/div><\/ul>\n<\/div><div class=\"mx-5 sm:mx-0 prose leading-relaxed text-lg mb-5 text-left wp-paragraph\">\n<p><strong data-sider-select-id=\"b64294c6-90d6-4dc5-a2ed-b9291303329a\">Si l&#039;utilisateur viole ces conditions, son acc\u00e8s au site Web Change<\/strong><strong>m<\/strong><strong data-sider-select-id=\"b64294c6-90d6-4dc5-a2ed-b9291303329a\">et sera r\u00e9sili\u00e9 ou suspendu.<\/strong><\/p>\n<\/div><!--advertisement--><div class=\"mx-5 sm:mx-0 sm:text-3xl text-2xl font-medium title-font mb-4 text-gray-900 text-left\">\n<h2 class=\"wp-block-heading\">Section V \u2013 Limites de responsabilit\u00e9 et garanties <\/h2>\n<\/div><div class=\"mx-5 sm:mx-0 prose leading-relaxed text-lg mb-5 text-left wp-paragraph\">\n<p>Changeman fournit le Service \u00ab tel quel \u00bb, sans aucune garantie de continuit\u00e9, de s\u00e9curit\u00e9 ou d&#039;exactitude. L&#039;acc\u00e8s au Service peut \u00eatre interrompu ou r\u00e9sili\u00e9 \u00e0 tout moment et sans pr\u00e9avis. Changeman n&#039;est pas responsable des dommages r\u00e9sultant de l&#039;utilisation du Service, notamment\u00a0:<\/p>\n<\/div><div class=\"mx-5 sm:mx-0 prose text-left mb-5\">\n<ul><div class=\"mx-5 sm:mx-0 prose text-left mb-5\">\n<li>Perte de profits ou de donn\u00e9es<\/li>\n<\/div>\n\n<div class=\"mx-5 sm:mx-0 prose text-left mb-5\">\n<li>Dommages immat\u00e9riels, tels que atteinte \u00e0 la r\u00e9putation ou \u00e0 l\u2019image<\/li>\n<\/div><\/ul>\n<\/div><div class=\"mx-5 sm:mx-0 prose leading-relaxed text-lg mb-5 text-left wp-paragraph\">\n<p>Cependant, dans certains pays, la l\u00e9gislation ne permet pas aux entreprises de s&#039;exon\u00e9rer de leur responsabilit\u00e9 pour les dommages indirects ou inattendus. Dans de telles circonstances, la responsabilit\u00e9 de Changeman sera limit\u00e9e dans la mesure maximale permise par les lois locales applicables.<\/p>\n<\/div><!--advertisement--><div class=\"mx-5 sm:mx-0 sm:text-3xl text-2xl font-medium title-font mb-4 text-gray-900 text-left\">\n<h2 class=\"wp-block-heading\">Section VI \u2013 Dur\u00e9e et d\u00e9lai <\/h2>\n<\/div><div class=\"mx-5 sm:mx-0 prose leading-relaxed text-lg mb-5 text-left wp-paragraph\">\n<p>Toutes les mesures juridiques ou administratives li\u00e9es \u00e0 l&#039;utilisation de Changeman, telles qu&#039;\u00e9tablies dans les pr\u00e9sentes Conditions G\u00e9n\u00e9rales d&#039;Utilisation ou dans la Politique de Confidentialit\u00e9, doivent \u00eatre prises dans un d\u00e9lai maximum de 90 jours. La validit\u00e9 des pr\u00e9sentes Conditions G\u00e9n\u00e9rales d&#039;Utilisation reste ind\u00e9finie.<\/p>\n<\/div><!--advertisement--><div class=\"mx-5 sm:mx-0 sm:text-3xl text-2xl font-medium title-font mb-4 text-gray-900 text-left\">\n<h2 class=\"wp-block-heading\">Section VII \u2013 L\u00e9gislation et juridiction <\/h2>\n<\/div><div class=\"mx-5 sm:mx-0 prose leading-relaxed text-lg mb-5 text-left wp-paragraph\">\n<p><strong>7.1<\/strong> L\u2019interpr\u00e9tation combin\u00e9e des conditions de service et de la politique de confidentialit\u00e9 est cruciale. Tous deux sont r\u00e9gis par les lois br\u00e9siliennes, notamment la Constitution f\u00e9d\u00e9rale, le Code civil, le Code de protection des consommateurs, le Marco Civil da Internet et la loi g\u00e9n\u00e9rale sur la protection des donn\u00e9es.<\/p>\n<\/div><div class=\"mx-5 sm:mx-0 prose leading-relaxed text-lg mb-5 text-left wp-paragraph\">\n<p><strong>7.2 <\/strong>En cas de d\u00e9saccord dans l&#039;interpr\u00e9tation ou l&#039;ex\u00e9cution des conditions de service et de la politique de confidentialit\u00e9, les parties conviennent de se soumettre \u00e0 la juridiction exclusive de la Chambre de Commerce de Tallinn, Estonie.<\/p>\n<\/div><!--advertisement--><div class=\"mx-5 sm:mx-0 sm:text-3xl text-2xl font-medium title-font mb-4 text-gray-900 text-left\">\n<h2 class=\"wp-block-heading\">Section VIII \u2013 Contenu et propri\u00e9t\u00e9 intellectuelle <\/h2>\n<\/div><div class=\"mx-5 sm:mx-0 prose leading-relaxed text-lg mb-5 text-left wp-paragraph\">\n<p><strong>8.1. Contenu et propri\u00e9t\u00e9 intellectuelle<\/strong><\/p>\n<\/div><div class=\"mx-5 sm:mx-0 prose leading-relaxed text-lg mb-5 text-left wp-paragraph\">\n<p>Tout le contenu de Changeman est prot\u00e9g\u00e9 par le droit d\u2019auteur et la propri\u00e9t\u00e9 intellectuelle. La reproduction, la modification, la distribution, l&#039;affichage ou la cr\u00e9ation d&#039;\u0153uvres d\u00e9riv\u00e9es sans autorisation pr\u00e9alable de Changeman sont interdites.<\/p>\n<\/div><div class=\"mx-5 sm:mx-0 prose leading-relaxed text-lg mb-5 text-left wp-paragraph\">\n<p><strong>8.2 Responsabilit\u00e9<\/strong><\/p>\n<\/div><div class=\"mx-5 sm:mx-0 prose leading-relaxed text-lg mb-5 text-left wp-paragraph\">\n<p>Changeman n&#039;assume aucune responsabilit\u00e9 quant aux contenus provenant de tiers, tels que les commentaires ou les publications sur les forums ou les r\u00e9seaux sociaux. De m\u00eame, il n&#039;est pas responsable de tout dommage r\u00e9sultant de l&#039;utilisation du site Internet, qu&#039;il soit direct, indirect, accidentel ou cons\u00e9cutif.<\/p>\n<\/div><div class=\"mx-5 sm:mx-0 prose leading-relaxed text-lg mb-5 text-left wp-paragraph\">\n<p><strong>8.3 Infractions<\/strong><\/p>\n<\/div><div class=\"mx-5 sm:mx-0 prose leading-relaxed text-lg mb-5 text-left wp-paragraph\">\n<p>Changeman se r\u00e9serve le droit de supprimer les contenus qui violeraient les conditions d&#039;utilisation, notamment ceux qui seraient consid\u00e9r\u00e9s comme ill\u00e9gaux, offensants, diffamatoires ou qui porteraient atteinte aux droits de tiers. De plus, nous nous r\u00e9servons le droit de r\u00e9silier les comptes d&#039;utilisateurs qui ne respectent pas les conditions d&#039;utilisation.<\/p>\n<\/div><!--advertisement--><div class=\"mx-5 sm:mx-0 sm:text-3xl text-2xl font-medium title-font mb-4 text-gray-900 text-left\">\n<h2 class=\"wp-block-heading\">Section IX \u2013 Modifications des conditions g\u00e9n\u00e9rales <\/h2>\n<\/div><div class=\"mx-5 sm:mx-0 prose leading-relaxed text-lg mb-5 text-left wp-paragraph\">\n<p>Nous nous r\u00e9servons le droit de suspendre ou de modifier tout service \u00e0 tout moment sans pr\u00e9avis aux utilisateurs. Les utilisateurs peuvent consulter la version la plus r\u00e9cente de ces conditions d&#039;utilisation \u00e0 tout moment sur <a style=\" color:;\" href=\"https:\/\/changeman.org\/fr\/terms\/\">https:\/\/changeman.org\/terms\/<\/a>. De telles modifications n&#039;entra\u00eenent aucune obligation pour Changeman.<\/p>\n<\/div><div class=\"mx-5 sm:mx-0 prose leading-relaxed text-lg mb-5 text-left wp-paragraph\">\n<p>En utilisant le site Web Changeman, vous acceptez les termes et conditions d&#039;utilisation. Si vous n&#039;\u00eates pas d&#039;accord avec ces conditions, nous vous recommandons d&#039;\u00e9viter d&#039;utiliser le site.<\/p>\n<\/div><!--advertisement--><div class=\"mx-5 sm:mx-0 sm:text-3xl text-2xl font-medium title-font mb-4 text-gray-900 text-left\">\n<h2 class=\"wp-block-heading\">Section X \u2013 Coordonn\u00e9es <\/h2>\n<\/div><div class=\"mx-5 sm:mx-0 prose leading-relaxed text-lg mb-5 text-left wp-paragraph\">\n<p>Nous sommes disponibles pour vous aider. Si vous avez des questions ou des suggestions concernant nos services, n&#039;h\u00e9sitez pas \u00e0 contacter notre \u00e9quipe de service client. Vous pouvez envoyer votre message en utilisant le formulaire disponible sur <a style=\" color:;\" href=\"https:\/\/changeman.org\/fr\/contact\/\">https:\/\/changeman.org\/contact\/<\/a>.<\/p>\n<\/div>","protected":false},"excerpt":{"rendered":"<p>Mis \u00e0 jour le 14 mai 2024. INDIETECH O\u00dc, une soci\u00e9t\u00e9 estonienne \u00e0 responsabilit\u00e9 limit\u00e9e (LLC, \u00e9galement connue sous le nom de O\u00dc), enregistr\u00e9e sous le num\u00e9ro de TVA EE102204759 et dont le si\u00e8ge est \u00e0 Tallinn au 6 Sepapaja Street, CEP 15551, Harju, Estonie, est le fondateur, propri\u00e9taire et responsable de la maintenance du site Web Changeman, accessible via le domaine https:\/\/changeman.org\/. Quand\u2026 <a class=\"more-link\" href=\"https:\/\/changeman.org\/fr\/terms\/\">Continuer la lecture <span class=\"screen-reader-text\">Conditions d&#039;utilisation \u2013 Changeman<\/span><\/a><\/p>","protected":false},"author":11,"featured_media":0,"parent":0,"menu_order":0,"comment_status":"closed","ping_status":"closed","template":"","meta":{"footnotes":""},"yoast_head":"<!-- This site is optimized with the Yoast SEO Premium plugin v18.7 (Yoast SEO v19.1) - https:\/\/yoast.com\/wordpress\/plugins\/seo\/ -->\n<title>Termos de Uso - Changeman - Changeman<\/title>\n<meta name=\"robots\" content=\"index, follow, max-snippet:-1, max-image-preview:large, max-video-preview:-1\" \/>\n<link rel=\"canonical\" href=\"https:\/\/changeman.org\/fr\/terms\/\" \/>\n<meta property=\"og:locale\" content=\"fr_FR\" \/>\n<meta property=\"og:type\" content=\"article\" \/>\n<meta property=\"og:title\" content=\"Termos de Uso - Changeman\" \/>\n<meta property=\"og:description\" content=\"Atualizado em 14 de Maio de 2024. A INDIETECH O\u00dc, uma empresa de responsabilidade limitada estoniana (LLC, tamb\u00e9m conhecida como O\u00dc), registrada sob o VAT EE102204759 e sediada em Tallinn, na Rua Sepapaja 6, CEP 15551, Harju, Est\u00f4nia, \u00e9 a fundadora, propriet\u00e1ria e respons\u00e1vel pela manuten\u00e7\u00e3o do site Changeman, acess\u00edvel atrav\u00e9s do dom\u00ednio https:\/\/changeman.org\/. Quando&hellip; Continue reading Termos de Uso &#8211; Changeman\" \/>\n<meta property=\"og:url\" content=\"https:\/\/changeman.org\/fr\/terms\/\" \/>\n<meta property=\"og:site_name\" content=\"Changeman\" \/>\n<meta property=\"article:modified_time\" content=\"2024-05-14T16:42:14+00:00\" \/>\n<meta name=\"twitter:card\" content=\"summary_large_image\" \/>\n<meta name=\"twitter:label1\" content=\"Est. reading time\" \/>\n\t<meta name=\"twitter:data1\" content=\"6 minutes\" \/>\n<script type=\"application\/ld+json\" class=\"yoast-schema-graph\">{\"@context\":\"https:\/\/schema.org\",\"@graph\":[{\"@type\":\"WebSite\",\"@id\":\"https:\/\/changeman.org\/#website\",\"url\":\"https:\/\/changeman.org\/\",\"name\":\"Changeman\",\"description\":\"\",\"potentialAction\":[{\"@type\":\"SearchAction\",\"target\":{\"@type\":\"EntryPoint\",\"urlTemplate\":\"https:\/\/changeman.org\/?s={search_term_string}\"},\"query-input\":\"required name=search_term_string\"}],\"inLanguage\":\"fr-FR\"},{\"@type\":\"WebPage\",\"@id\":\"https:\/\/changeman.org\/terms\/#webpage\",\"url\":\"https:\/\/changeman.org\/terms\/\",\"name\":\"Termos de Uso - Changeman - Changeman\",\"isPartOf\":{\"@id\":\"https:\/\/changeman.org\/#website\"},\"datePublished\":\"2024-05-14T16:30:31+00:00\",\"dateModified\":\"2024-05-14T16:42:14+00:00\",\"breadcrumb\":{\"@id\":\"https:\/\/changeman.org\/terms\/#breadcrumb\"},\"inLanguage\":\"fr-FR\",\"potentialAction\":[{\"@type\":\"ReadAction\",\"target\":[\"https:\/\/changeman.org\/terms\/\"]}]},{\"@type\":\"BreadcrumbList\",\"@id\":\"https:\/\/changeman.org\/terms\/#breadcrumb\",\"itemListElement\":[{\"@type\":\"ListItem\",\"position\":1,\"name\":\"Home\",\"item\":\"https:\/\/changeman.org\/\"},{\"@type\":\"ListItem\",\"position\":2,\"name\":\"Termos de Uso &#8211; Changeman\"}]}]}<\/script>\n<!-- \/ Yoast SEO Premium plugin. -->","yoast_head_json":{"title":"Termos de Uso - Changeman - Changeman","robots":{"index":"index","follow":"follow","max-snippet":"max-snippet:-1","max-image-preview":"max-image-preview:large","max-video-preview":"max-video-preview:-1"},"canonical":"https:\/\/changeman.org\/fr\/terms\/","og_locale":"fr_FR","og_type":"article","og_title":"Termos de Uso - Changeman","og_description":"Atualizado em 14 de Maio de 2024. A INDIETECH O\u00dc, uma empresa de responsabilidade limitada estoniana (LLC, tamb\u00e9m conhecida como O\u00dc), registrada sob o VAT EE102204759 e sediada em Tallinn, na Rua Sepapaja 6, CEP 15551, Harju, Est\u00f4nia, \u00e9 a fundadora, propriet\u00e1ria e respons\u00e1vel pela manuten\u00e7\u00e3o do site Changeman, acess\u00edvel atrav\u00e9s do dom\u00ednio https:\/\/changeman.org\/. Quando&hellip; Continue reading Termos de Uso &#8211; Changeman","og_url":"https:\/\/changeman.org\/fr\/terms\/","og_site_name":"Changeman","article_modified_time":"2024-05-14T16:42:14+00:00","twitter_card":"summary_large_image","twitter_misc":{"Est. reading time":"6 minutes"},"schema":{"@context":"https:\/\/schema.org","@graph":[{"@type":"WebSite","@id":"https:\/\/changeman.org\/#website","url":"https:\/\/changeman.org\/","name":"Changeman","description":"","potentialAction":[{"@type":"SearchAction","target":{"@type":"EntryPoint","urlTemplate":"https:\/\/changeman.org\/?s={search_term_string}"},"query-input":"required name=search_term_string"}],"inLanguage":"fr-FR"},{"@type":"WebPage","@id":"https:\/\/changeman.org\/terms\/#webpage","url":"https:\/\/changeman.org\/terms\/","name":"Termos de Uso - Changeman - Changeman","isPartOf":{"@id":"https:\/\/changeman.org\/#website"},"datePublished":"2024-05-14T16:30:31+00:00","dateModified":"2024-05-14T16:42:14+00:00","breadcrumb":{"@id":"https:\/\/changeman.org\/terms\/#breadcrumb"},"inLanguage":"fr-FR","potentialAction":[{"@type":"ReadAction","target":["https:\/\/changeman.org\/terms\/"]}]},{"@type":"BreadcrumbList","@id":"https:\/\/changeman.org\/terms\/#breadcrumb","itemListElement":[{"@type":"ListItem","position":1,"name":"Home","item":"https:\/\/changeman.org\/"},{"@type":"ListItem","position":2,"name":"Termos de Uso &#8211; Changeman"}]}]}},"_links":{"self":[{"href":"https:\/\/changeman.org\/fr\/wp-json\/wp\/v2\/pages\/12247"}],"collection":[{"href":"https:\/\/changeman.org\/fr\/wp-json\/wp\/v2\/pages"}],"about":[{"href":"https:\/\/changeman.org\/fr\/wp-json\/wp\/v2\/types\/page"}],"author":[{"embeddable":true,"href":"https:\/\/changeman.org\/fr\/wp-json\/wp\/v2\/users\/11"}],"replies":[{"embeddable":true,"href":"https:\/\/changeman.org\/fr\/wp-json\/wp\/v2\/comments?post=12247"}],"version-history":[{"count":0,"href":"https:\/\/changeman.org\/fr\/wp-json\/wp\/v2\/pages\/12247\/revisions"}],"wp:attachment":[{"href":"https:\/\/changeman.org\/fr\/wp-json\/wp\/v2\/media?parent=12247"}],"curies":[{"name":"wp","href":"https:\/\/api.w.org\/{rel}","templated":true}]}}