{"id":12249,"date":"2024-05-14T16:11:03","date_gmt":"2024-05-14T16:11:03","guid":{"rendered":"https:\/\/changeman.org\/?page_id=12249"},"modified":"2024-05-15T17:27:56","modified_gmt":"2024-05-15T17:27:56","slug":"about","status":"publish","type":"page","link":"https:\/\/changeman.org\/fr\/about\/","title":{"rendered":"\u00c0 propos de nous"},"content":{"rendered":"<div class=\"mx-5 sm:mx-0 prose leading-relaxed text-lg mb-5 text-left wp-paragraph\">\n<p>Bienvenue chez Changeman !<\/p>\n<\/div><div class=\"mx-5 sm:mx-0 prose leading-relaxed text-lg mb-5 text-left wp-paragraph\">\n<p>Nous sommes un site Web informatif, d\u00e9di\u00e9 \u00e0 fournir un contenu pr\u00e9cieux \u00e0 nos lecteurs. Notre mod\u00e8le \u00e9conomique est bas\u00e9 sur la publicit\u00e9, ce qui nous permet de proposer un acc\u00e8s gratuit \u00e0 nos contenus.<\/p>\n<\/div><div class=\"mx-5 sm:mx-0 prose leading-relaxed text-lg mb-5 text-left wp-paragraph\">\n<p>Chez Changeman, notre objectif est d&#039;aider nos lecteurs \u00e0 prendre des d\u00e9cisions financi\u00e8res plus \u00e9clair\u00e9es et \u00e0 tirer le meilleur parti des applications disponibles sur le march\u00e9. C&#039;est pourquoi vous trouverez sur notre site Web une vari\u00e9t\u00e9 de conseils financiers utiles et des critiques d\u00e9taill\u00e9es d&#039;applications pour faciliter votre vie quotidienne.<\/p>\n<\/div><div class=\"mx-5 sm:mx-0 prose leading-relaxed text-lg mb-5 text-left wp-paragraph\">\n<p>Votre avis est tr\u00e8s important pour nous. Si vous avez des suggestions pour am\u00e9liorer Changeman, si vous souhaitez sugg\u00e9rer des applications d&#039;analyse ou des sujets pour notre contenu, n&#039;h\u00e9sitez pas \u00e0 nous envoyer un message \u00e0&nbsp;<a target=\"_blank\" href=\"https:\/\/changeman.org\/fr\/contact\/\" rel=\"noreferrer noopener\">notre page contact<\/a>.<\/p>\n<\/div><div class=\"mx-5 sm:mx-0 prose leading-relaxed text-lg mb-5 text-left wp-paragraph\">\n<p>Merci de votre visite\u00a0!<\/p>\n<\/div>","protected":false},"excerpt":{"rendered":"<p>Bienvenue chez Changeman ! Nous sommes un site Web informatif, d\u00e9di\u00e9 \u00e0 fournir un contenu pr\u00e9cieux \u00e0 nos lecteurs. Notre mod\u00e8le \u00e9conomique est bas\u00e9 sur la publicit\u00e9, ce qui nous permet de proposer un acc\u00e8s gratuit \u00e0 nos contenus. Chez Changeman, notre objectif est d&#039;aider nos lecteurs \u00e0 prendre des d\u00e9cisions financi\u00e8res plus \u00e9clair\u00e9es et \u00e0 tirer le meilleur parti des applications disponibles sur\u2026 <a class=\"more-link\" href=\"https:\/\/changeman.org\/fr\/about\/\">Continuer la lecture <span class=\"screen-reader-text\">\u00c0 propos de nous<\/span><\/a><\/p>","protected":false},"author":11,"featured_media":0,"parent":0,"menu_order":0,"comment_status":"closed","ping_status":"closed","template":"","meta":{"footnotes":""},"yoast_head":"<!-- This site is optimized with the Yoast SEO Premium plugin v18.7 (Yoast SEO v19.1) - https:\/\/yoast.com\/wordpress\/plugins\/seo\/ -->\n<title>Sobre n\u00f3s - Changeman<\/title>\n<meta name=\"robots\" content=\"index, follow, max-snippet:-1, max-image-preview:large, max-video-preview:-1\" \/>\n<link rel=\"canonical\" href=\"https:\/\/changeman.org\/fr\/about\/\" \/>\n<meta property=\"og:locale\" content=\"fr_FR\" \/>\n<meta property=\"og:type\" content=\"article\" \/>\n<meta property=\"og:title\" content=\"Sobre n\u00f3s\" \/>\n<meta property=\"og:description\" content=\"Seja bem-vindo ao Changeman! Somos um site informativo, dedicado a fornecer conte\u00fados valiosos para nossos leitores. Nosso modelo de neg\u00f3cio \u00e9 baseado na publicidade, o que nos permite oferecer acesso gratuito ao nosso conte\u00fado. No Changeman, buscamos ajudar nossos leitores a tomar decis\u00f5es financeiras mais informadas e a aproveitar ao m\u00e1ximo os aplicativos dispon\u00edveis no&hellip; Continue reading Sobre n\u00f3s\" \/>\n<meta property=\"og:url\" content=\"https:\/\/changeman.org\/fr\/about\/\" \/>\n<meta property=\"og:site_name\" content=\"Changeman\" \/>\n<meta property=\"article:modified_time\" content=\"2024-05-15T17:27:56+00:00\" \/>\n<meta name=\"twitter:card\" content=\"summary_large_image\" \/>\n<meta name=\"twitter:label1\" content=\"Est. reading time\" \/>\n\t<meta name=\"twitter:data1\" content=\"1 minute\" \/>\n<script type=\"application\/ld+json\" class=\"yoast-schema-graph\">{\"@context\":\"https:\/\/schema.org\",\"@graph\":[{\"@type\":\"WebSite\",\"@id\":\"https:\/\/changeman.org\/#website\",\"url\":\"https:\/\/changeman.org\/\",\"name\":\"Changeman\",\"description\":\"\",\"potentialAction\":[{\"@type\":\"SearchAction\",\"target\":{\"@type\":\"EntryPoint\",\"urlTemplate\":\"https:\/\/changeman.org\/?s={search_term_string}\"},\"query-input\":\"required name=search_term_string\"}],\"inLanguage\":\"fr-FR\"},{\"@type\":\"WebPage\",\"@id\":\"https:\/\/changeman.org\/about\/#webpage\",\"url\":\"https:\/\/changeman.org\/about\/\",\"name\":\"Sobre n\u00f3s - Changeman\",\"isPartOf\":{\"@id\":\"https:\/\/changeman.org\/#website\"},\"datePublished\":\"2024-05-14T16:11:03+00:00\",\"dateModified\":\"2024-05-15T17:27:56+00:00\",\"breadcrumb\":{\"@id\":\"https:\/\/changeman.org\/about\/#breadcrumb\"},\"inLanguage\":\"fr-FR\",\"potentialAction\":[{\"@type\":\"ReadAction\",\"target\":[\"https:\/\/changeman.org\/about\/\"]}]},{\"@type\":\"BreadcrumbList\",\"@id\":\"https:\/\/changeman.org\/about\/#breadcrumb\",\"itemListElement\":[{\"@type\":\"ListItem\",\"position\":1,\"name\":\"Home\",\"item\":\"https:\/\/changeman.org\/\"},{\"@type\":\"ListItem\",\"position\":2,\"name\":\"Sobre n\u00f3s\"}]}]}<\/script>\n<!-- \/ Yoast SEO Premium plugin. -->","yoast_head_json":{"title":"Sobre n\u00f3s - Changeman","robots":{"index":"index","follow":"follow","max-snippet":"max-snippet:-1","max-image-preview":"max-image-preview:large","max-video-preview":"max-video-preview:-1"},"canonical":"https:\/\/changeman.org\/fr\/about\/","og_locale":"fr_FR","og_type":"article","og_title":"Sobre n\u00f3s","og_description":"Seja bem-vindo ao Changeman! Somos um site informativo, dedicado a fornecer conte\u00fados valiosos para nossos leitores. Nosso modelo de neg\u00f3cio \u00e9 baseado na publicidade, o que nos permite oferecer acesso gratuito ao nosso conte\u00fado. No Changeman, buscamos ajudar nossos leitores a tomar decis\u00f5es financeiras mais informadas e a aproveitar ao m\u00e1ximo os aplicativos dispon\u00edveis no&hellip; Continue reading Sobre n\u00f3s","og_url":"https:\/\/changeman.org\/fr\/about\/","og_site_name":"Changeman","article_modified_time":"2024-05-15T17:27:56+00:00","twitter_card":"summary_large_image","twitter_misc":{"Est. reading time":"1 minute"},"schema":{"@context":"https:\/\/schema.org","@graph":[{"@type":"WebSite","@id":"https:\/\/changeman.org\/#website","url":"https:\/\/changeman.org\/","name":"Changeman","description":"","potentialAction":[{"@type":"SearchAction","target":{"@type":"EntryPoint","urlTemplate":"https:\/\/changeman.org\/?s={search_term_string}"},"query-input":"required name=search_term_string"}],"inLanguage":"fr-FR"},{"@type":"WebPage","@id":"https:\/\/changeman.org\/about\/#webpage","url":"https:\/\/changeman.org\/about\/","name":"Sobre n\u00f3s - Changeman","isPartOf":{"@id":"https:\/\/changeman.org\/#website"},"datePublished":"2024-05-14T16:11:03+00:00","dateModified":"2024-05-15T17:27:56+00:00","breadcrumb":{"@id":"https:\/\/changeman.org\/about\/#breadcrumb"},"inLanguage":"fr-FR","potentialAction":[{"@type":"ReadAction","target":["https:\/\/changeman.org\/about\/"]}]},{"@type":"BreadcrumbList","@id":"https:\/\/changeman.org\/about\/#breadcrumb","itemListElement":[{"@type":"ListItem","position":1,"name":"Home","item":"https:\/\/changeman.org\/"},{"@type":"ListItem","position":2,"name":"Sobre n\u00f3s"}]}]}},"_links":{"self":[{"href":"https:\/\/changeman.org\/fr\/wp-json\/wp\/v2\/pages\/12249"}],"collection":[{"href":"https:\/\/changeman.org\/fr\/wp-json\/wp\/v2\/pages"}],"about":[{"href":"https:\/\/changeman.org\/fr\/wp-json\/wp\/v2\/types\/page"}],"author":[{"embeddable":true,"href":"https:\/\/changeman.org\/fr\/wp-json\/wp\/v2\/users\/11"}],"replies":[{"embeddable":true,"href":"https:\/\/changeman.org\/fr\/wp-json\/wp\/v2\/comments?post=12249"}],"version-history":[{"count":0,"href":"https:\/\/changeman.org\/fr\/wp-json\/wp\/v2\/pages\/12249\/revisions"}],"wp:attachment":[{"href":"https:\/\/changeman.org\/fr\/wp-json\/wp\/v2\/media?parent=12249"}],"curies":[{"name":"wp","href":"https:\/\/api.w.org\/{rel}","templated":true}]}}