{"id":12247,"date":"2024-05-14T16:30:31","date_gmt":"2024-05-14T16:30:31","guid":{"rendered":"https:\/\/changeman.org\/?page_id=12247"},"modified":"2024-05-14T16:42:14","modified_gmt":"2024-05-14T16:42:14","slug":"terms","status":"publish","type":"page","link":"https:\/\/changeman.org\/it\/terms\/","title":{"rendered":"Condizioni d&#039;uso \u2013 Changeman"},"content":{"rendered":"<div class=\"mx-5 sm:mx-0 prose leading-relaxed text-lg mb-5 text-left wp-paragraph\">\n<p>Aggiornato il 14 maggio 2024.<\/p>\n<\/div><div class=\"mx-5 sm:mx-0 prose leading-relaxed text-lg mb-5 text-left wp-paragraph\">\n<p>INDIETECH O\u00dc, una societ\u00e0 estone a responsabilit\u00e0 limitata (LLC, nota anche come O\u00dc), registrata con partita IVA EE102204759 e con sede a Tallinn in 6 Sepapaja Street, CEP 15551, Harju, Estonia, \u00e8 il fondatore, proprietario e gestore del sito web Changeman, accessibile attraverso il dominio <a style=\" color:;\" href=\"https:\/\/changeman.org\/it\/\">https:\/\/changeman.org\/<\/a>.<\/p>\n<\/div><div class=\"mx-5 sm:mx-0 prose leading-relaxed text-lg mb-5 text-left wp-paragraph\">\n<p>Quando ci riferiamo a &quot;noi&quot; e &quot;nostro&quot; nelle presenti Condizioni d&#039;uso, stiamo parlando di Changeman.<\/p>\n<\/div><div class=\"mx-5 sm:mx-0 prose leading-relaxed text-lg mb-5 text-left wp-paragraph\">\n<p>Changeman \u00e8 un sito Web specializzato nella produzione di contenuti relativi alla finanza e alle applicazioni, che fornisce informazioni, suggerimenti e analisi su vari prodotti e servizi che coprono queste nicchie.<\/p>\n<\/div><div class=\"mx-5 sm:mx-0 prose leading-relaxed text-lg mb-5 text-left wp-paragraph\">\n<p>Le presenti Condizioni d&#039;uso devono essere lette insieme alla nostra Informativa sulla privacy, disponibile all&#039;indirizzo <a style=\" color:;\" href=\"https:\/\/changeman.org\/it\/privacy\/\">https:\/\/changeman.org\/privacy<\/a>e sono conformi alle leggi applicabili.<\/p>\n<\/div><div class=\"mx-5 sm:mx-0 prose leading-relaxed text-lg mb-5 text-left wp-paragraph\">\n<p><strong>Ti invitiamo a leggere attentamente le presenti Condizioni d&#039;uso e, se trovi disposizioni con cui non sei d&#039;accordo, dovresti astenervi dall&#039;utilizzare i nostri servizi.<\/strong><\/p>\n<\/div><!--advertisement--><div class=\"mx-5 sm:mx-0 sm:text-3xl text-2xl font-medium title-font mb-4 text-gray-900 text-left\">\n<h2 class=\"wp-block-heading\" id=\"h-secao-i-admissao\">Sezione I \u2013 Ammissione <\/h2>\n<\/div><div class=\"mx-5 sm:mx-0 prose leading-relaxed text-lg mb-5 text-left wp-paragraph\">\n<p><strong>1.1<\/strong> Quando utilizza i nostri servizi, l&#039;utente si impegna a seguire i Termini e le Condizioni Generali d&#039;Uso, nonch\u00e9 la relativa Informativa sulla Privacy.<\/p>\n<\/div><div class=\"mx-5 sm:mx-0 prose leading-relaxed text-lg mb-5 text-left wp-paragraph\">\n<p><strong>1.2<\/strong> \u00c8 requisito necessario che l&#039;utente abbia almeno 18 anni e abbia la capacit\u00e0 giuridica per accettare integralmente le presenti Condizioni in tutti i loro aspetti giuridici.<\/p>\n<\/div><div class=\"mx-5 sm:mx-0 prose leading-relaxed text-lg mb-5 text-left wp-paragraph\">\n<p>1.3 Gli utenti che non soddisfano questi criteri dovrebbero evitare di accedere e\/o utilizzare i servizi offerti da Changeman, nonch\u00e9 i siti Web e i servizi da esso gestiti.<\/p>\n<\/div><!--advertisement--><div class=\"mx-5 sm:mx-0 sm:text-3xl text-2xl font-medium title-font mb-4 text-gray-900 text-left\">\n<h2 class=\"wp-block-heading\">Sezione II \u2013 Contatti <\/h2>\n<\/div><div class=\"mx-5 sm:mx-0 prose leading-relaxed text-lg mb-5 text-left wp-paragraph\">\n<p>Per chiarire dubbi o risolvere problemi relativi ai nostri servizi, l&#039;utente pu\u00f2 farlo attraverso il sito Changeman, tramite il modulo disponibile all&#039;indirizzo <a style=\" color:;\" href=\"https:\/\/changeman.org\/it\/contact\/\">https:\/\/changeman.org\/contact\/<\/a>.<\/p>\n<\/div><!--advertisement--><div class=\"mx-5 sm:mx-0 sm:text-3xl text-2xl font-medium title-font mb-4 text-gray-900 text-left\">\n<h2 class=\"wp-block-heading\">Sezione III \u2013 Responsabilit\u00e0 delle Parti <\/h2>\n<\/div><div class=\"mx-5 sm:mx-0 prose leading-relaxed text-lg mb-5 text-left wp-paragraph\">\n<p><strong>3.1 Accettazione dei termini<\/strong><\/p>\n<\/div><div class=\"mx-5 sm:mx-0 prose leading-relaxed text-lg mb-5 text-left wp-paragraph\">\n<p>Accedendo al sito Changeman l&#039;utente accetta i termini e le condizioni d&#039;uso qui stabiliti. Se non sei d&#039;accordo con i termini e le condizioni, ti preghiamo di astenerti dall&#039;utilizzare il sito web.<\/p>\n<\/div><div class=\"mx-5 sm:mx-0 prose leading-relaxed text-lg mb-5 text-left wp-paragraph\">\n<p><strong>3.2 Utilizzo del sito web<\/strong><\/p>\n<\/div><div class=\"mx-5 sm:mx-0 prose leading-relaxed text-lg mb-5 text-left wp-paragraph\">\n<p>Il sito web Changeman ha lo scopo di fornire informazioni su finanza e applicazioni. \u00c8 possibile utilizzare il sito per cercare informazioni, contenuti e consigli relativi a questi argomenti.<\/p>\n<\/div><div class=\"mx-5 sm:mx-0 prose leading-relaxed text-lg mb-5 text-left wp-paragraph\">\n<p><strong>3.3 Responsabilit\u00e0<\/strong><\/p>\n<\/div><div class=\"mx-5 sm:mx-0 prose leading-relaxed text-lg mb-5 text-left wp-paragraph\">\n<p>Changeman non \u00e8 responsabile per danni causati da virus, malware, uso inappropriato del sito web o eventi di forza maggiore.<\/p>\n<\/div><div class=\"mx-5 sm:mx-0 prose leading-relaxed text-lg mb-5 text-left wp-paragraph\">\n<p><strong>3.4 Collegamenti a siti Web di terzi<\/strong><\/p>\n<\/div><div class=\"mx-5 sm:mx-0 prose leading-relaxed text-lg mb-5 text-left wp-paragraph\">\n<p>Changeman pu\u00f2 contenere collegamenti a siti Web di terzi. Questi siti non sono sotto il nostro controllo e non siamo responsabili delle loro politiche, termini di utilizzo, informazioni o transazioni.<\/p>\n<\/div><div class=\"mx-5 sm:mx-0 prose leading-relaxed text-lg mb-5 text-left wp-paragraph\">\n<p><strong>3.5 Informazioni personali<\/strong><\/p>\n<\/div><div class=\"mx-5 sm:mx-0 prose leading-relaxed text-lg mb-5 text-left wp-paragraph\">\n<p>Changeman non richiede informazioni personali o di registrazione via e-mail. Se ricevi un&#039;e-mail che richiede queste informazioni per nostro conto, ti preghiamo di non rispondere e segnalare l&#039;e-mail a Changeman.<\/p>\n<\/div><div class=\"mx-5 sm:mx-0 prose leading-relaxed text-lg mb-5 text-left wp-paragraph\">\n<p><strong>3.6 Contatto<\/strong><\/p>\n<\/div><div class=\"mx-5 sm:mx-0 prose leading-relaxed text-lg mb-5 text-left wp-paragraph\">\n<p>Se hai domande o reclami sui termini e condizioni d&#039;uso, contattaci utilizzando il modulo disponibile all&#039;indirizzo <a style=\" color:;\" href=\"https:\/\/changeman.org\/it\/contact\/\">https:\/\/changeman.org\/contact\/<\/a>.<\/p>\n<\/div><!--advertisement--><div class=\"mx-5 sm:mx-0 sm:text-3xl text-2xl font-medium title-font mb-4 text-gray-900 text-left\">\n<h2 class=\"wp-block-heading\">Sezione IV \u2013 Condizioni di Utilizzo e Limitazioni <\/h2>\n<\/div><div class=\"mx-5 sm:mx-0 prose leading-relaxed text-lg mb-5 text-left wp-paragraph\">\n<p>\u00c8 severamente vietato utilizzare il sito web per:<\/p>\n<\/div><div class=\"mx-5 sm:mx-0 prose text-left mb-5\">\n<ul><div class=\"mx-5 sm:mx-0 prose text-left mb-5\">\n<li>Attivit\u00e0 illegali<\/li>\n<\/div>\n\n<div class=\"mx-5 sm:mx-0 prose text-left mb-5\">\n<li>Violazione del copyright<\/li>\n<\/div>\n\n<div class=\"mx-5 sm:mx-0 prose text-left mb-5\">\n<li>Molestie su altri utenti<\/li>\n<\/div>\n\n<div class=\"mx-5 sm:mx-0 prose text-left mb-5\">\n<li>Diffusione di informazioni false<\/li>\n<\/div>\n\n<div class=\"mx-5 sm:mx-0 prose text-left mb-5\">\n<li>Diffusione del virus<\/li>\n<\/div>\n\n<div class=\"mx-5 sm:mx-0 prose text-left mb-5\">\n<li>Raccolta di dati personali senza consenso<\/li>\n<\/div>\n\n<div class=\"mx-5 sm:mx-0 prose text-left mb-5\">\n<li>Promozione dello spam<\/li>\n<\/div>\n\n<div class=\"mx-5 sm:mx-0 prose text-left mb-5\">\n<li>Attivit\u00e0 oscene o immorali<\/li>\n<\/div>\n\n<div class=\"mx-5 sm:mx-0 prose text-left mb-5\">\n<li>Interferenza con le misure di sicurezza.<\/li>\n<\/div><\/ul>\n<\/div><div class=\"mx-5 sm:mx-0 prose leading-relaxed text-lg mb-5 text-left wp-paragraph\">\n<p><strong data-sider-select-id=\"b64294c6-90d6-4dc5-a2ed-b9291303329a\">Se l&#039;utente viola questi termini, il suo accesso al sito web Change<\/strong><strong>M<\/strong><strong data-sider-select-id=\"b64294c6-90d6-4dc5-a2ed-b9291303329a\">an verr\u00e0 terminato o sospeso.<\/strong><\/p>\n<\/div><!--advertisement--><div class=\"mx-5 sm:mx-0 sm:text-3xl text-2xl font-medium title-font mb-4 text-gray-900 text-left\">\n<h2 class=\"wp-block-heading\">Sezione V \u2013 Limitazioni di responsabilit\u00e0 e garanzie <\/h2>\n<\/div><div class=\"mx-5 sm:mx-0 prose leading-relaxed text-lg mb-5 text-left wp-paragraph\">\n<p>Changeman fornisce il Servizio &quot;cos\u00ec com&#039;\u00e8&quot;, senza garanzie di continuit\u00e0, sicurezza o accuratezza. L&#039;accesso al Servizio potr\u00e0 essere interrotto o terminato in qualsiasi momento senza preavviso. Changeman non \u00e8 responsabile per eventuali danni derivanti dall&#039;utilizzo del Servizio, tra cui:<\/p>\n<\/div><div class=\"mx-5 sm:mx-0 prose text-left mb-5\">\n<ul><div class=\"mx-5 sm:mx-0 prose text-left mb-5\">\n<li>Perdita di profitti o dati<\/li>\n<\/div>\n\n<div class=\"mx-5 sm:mx-0 prose text-left mb-5\">\n<li>Danni immateriali, quali danni alla reputazione o all\u2019immagine<\/li>\n<\/div><\/ul>\n<\/div><div class=\"mx-5 sm:mx-0 prose leading-relaxed text-lg mb-5 text-left wp-paragraph\">\n<p>Tuttavia, in alcuni paesi, la legislazione non consente alle aziende di esentarsi dalla responsabilit\u00e0 per danni indiretti o imprevisti. In tali circostanze, la responsabilit\u00e0 di Changeman sar\u00e0 limitata nella misura massima consentita dalle leggi locali applicabili.<\/p>\n<\/div><!--advertisement--><div class=\"mx-5 sm:mx-0 sm:text-3xl text-2xl font-medium title-font mb-4 text-gray-900 text-left\">\n<h2 class=\"wp-block-heading\">Sezione VI \u2013 Durata e Scadenza <\/h2>\n<\/div><div class=\"mx-5 sm:mx-0 prose leading-relaxed text-lg mb-5 text-left wp-paragraph\">\n<p>Tutte le misure legali o amministrative relative all&#039;utilizzo di Changeman, come stabilito nelle presenti Condizioni Generali d&#039;Uso o nell&#039;Informativa sulla Privacy, devono essere adottate entro un periodo massimo di 90 giorni. La validit\u00e0 delle presenti Condizioni Generali d&#039;Uso rimane indefinita.<\/p>\n<\/div><!--advertisement--><div class=\"mx-5 sm:mx-0 sm:text-3xl text-2xl font-medium title-font mb-4 text-gray-900 text-left\">\n<h2 class=\"wp-block-heading\">Sezione VII \u2013 Legislazione e giurisdizione <\/h2>\n<\/div><div class=\"mx-5 sm:mx-0 prose leading-relaxed text-lg mb-5 text-left wp-paragraph\">\n<p><strong>7.1<\/strong> L\u2019interpretazione combinata dei termini di servizio e della politica sulla privacy \u00e8 cruciale. Entrambi sono regolati dalle leggi brasiliane, tra cui la Costituzione federale, il Codice civile, il Codice di protezione dei consumatori, il Marco Civil da Internet e la Legge generale sulla protezione dei dati.<\/p>\n<\/div><div class=\"mx-5 sm:mx-0 prose leading-relaxed text-lg mb-5 text-left wp-paragraph\">\n<p><strong>7.2 <\/strong>In caso di disaccordo nell&#039;interpretazione o nell&#039;esecuzione dei termini di servizio e dell&#039;informativa sulla privacy, le parti concordano di sottoporsi alla giurisdizione esclusiva della Camera di commercio di Tallinn, Estonia.<\/p>\n<\/div><!--advertisement--><div class=\"mx-5 sm:mx-0 sm:text-3xl text-2xl font-medium title-font mb-4 text-gray-900 text-left\">\n<h2 class=\"wp-block-heading\">Sezione VIII \u2013 Contenuti e Propriet\u00e0 Intellettuale <\/h2>\n<\/div><div class=\"mx-5 sm:mx-0 prose leading-relaxed text-lg mb-5 text-left wp-paragraph\">\n<p><strong>8.1. Contenuti e propriet\u00e0 intellettuale<\/strong><\/p>\n<\/div><div class=\"mx-5 sm:mx-0 prose leading-relaxed text-lg mb-5 text-left wp-paragraph\">\n<p>Tutti i contenuti di Changeman sono protetti da copyright e propriet\u00e0 intellettuale. \u00c8 vietata la riproduzione, la modifica, la distribuzione, la visualizzazione o la creazione di opere derivate senza previa autorizzazione di Changeman.<\/p>\n<\/div><div class=\"mx-5 sm:mx-0 prose leading-relaxed text-lg mb-5 text-left wp-paragraph\">\n<p><strong>8.2 Responsabilit\u00e0<\/strong><\/p>\n<\/div><div class=\"mx-5 sm:mx-0 prose leading-relaxed text-lg mb-5 text-left wp-paragraph\">\n<p>Changeman non si assume alcuna responsabilit\u00e0 per contenuti provenienti da terzi, come commenti o post su forum o social network. Allo stesso modo, non \u00e8 responsabile per eventuali danni derivanti dall&#039;uso del sito web, siano essi diretti, indiretti, incidentali o consequenziali.<\/p>\n<\/div><div class=\"mx-5 sm:mx-0 prose leading-relaxed text-lg mb-5 text-left wp-paragraph\">\n<p><strong>8.3 Violazioni<\/strong><\/p>\n<\/div><div class=\"mx-5 sm:mx-0 prose leading-relaxed text-lg mb-5 text-left wp-paragraph\">\n<p>Changeman si riserva il diritto di eliminare i contenuti che violano i termini di utilizzo, in particolare quelli considerati illegali, offensivi, diffamatori o che violano i diritti di terzi. Inoltre, ci riserviamo il diritto di chiudere gli account utente che non rispettano i termini di utilizzo.<\/p>\n<\/div><!--advertisement--><div class=\"mx-5 sm:mx-0 sm:text-3xl text-2xl font-medium title-font mb-4 text-gray-900 text-left\">\n<h2 class=\"wp-block-heading\">Sezione IX \u2013 Modifiche ai Termini e Condizioni <\/h2>\n<\/div><div class=\"mx-5 sm:mx-0 prose leading-relaxed text-lg mb-5 text-left wp-paragraph\">\n<p>Ci riserviamo il diritto di sospendere o modificare qualsiasi servizio in qualsiasi momento senza preavviso agli utenti. Gli utenti possono visualizzare la versione pi\u00f9 recente delle presenti Condizioni d&#039;uso in qualsiasi momento all&#039;indirizzo <a style=\" color:;\" href=\"https:\/\/changeman.org\/it\/terms\/\">https:\/\/changeman.org\/terms\/<\/a>. Tali modifiche non comportano obblighi per Changeman.<\/p>\n<\/div><div class=\"mx-5 sm:mx-0 prose leading-relaxed text-lg mb-5 text-left wp-paragraph\">\n<p>Utilizzando il sito web Changeman, accetti i termini e le condizioni d&#039;uso. Se non sei d&#039;accordo con questi termini, ti consigliamo di evitare di utilizzare il sito.<\/p>\n<\/div><!--advertisement--><div class=\"mx-5 sm:mx-0 sm:text-3xl text-2xl font-medium title-font mb-4 text-gray-900 text-left\">\n<h2 class=\"wp-block-heading\">Sezione X \u2013 Informazioni di contatto <\/h2>\n<\/div><div class=\"mx-5 sm:mx-0 prose leading-relaxed text-lg mb-5 text-left wp-paragraph\">\n<p>Siamo disponibili per aiutarti. Se hai domande o suggerimenti sui nostri servizi, non esitare a contattare il nostro team di assistenza clienti. Puoi inviare il tuo messaggio utilizzando il modulo disponibile su <a style=\" color:;\" href=\"https:\/\/changeman.org\/it\/contact\/\">https:\/\/changeman.org\/contact\/<\/a>.<\/p>\n<\/div>","protected":false},"excerpt":{"rendered":"<p>Aggiornato il 14 maggio 2024. INDIETECH O\u00dc, una societ\u00e0 a responsabilit\u00e0 limitata estone (LLC, nota anche come O\u00dc), registrata con partita IVA EE102204759 e con sede a Tallinn, in Sepapaja Street 6, codice postale 15551, Harju, Estonia, \u00e8 il fondatore, proprietario e gestore del sito web Changeman, accessibile tramite il dominio https:\/\/changeman.org\/. Quando\u2026 <a class=\"more-link\" href=\"https:\/\/changeman.org\/it\/terms\/\">Continua a leggere <span class=\"screen-reader-text\">Condizioni d&#039;uso \u2013 Changeman<\/span><\/a><\/p>","protected":false},"author":11,"featured_media":0,"parent":0,"menu_order":0,"comment_status":"closed","ping_status":"closed","template":"","meta":{"footnotes":""},"yoast_head":"<!-- This site is optimized with the Yoast SEO Premium plugin v18.7 (Yoast SEO v19.1) - https:\/\/yoast.com\/wordpress\/plugins\/seo\/ -->\n<title>Termos de Uso - Changeman - Changeman<\/title>\n<meta name=\"robots\" content=\"index, follow, max-snippet:-1, max-image-preview:large, max-video-preview:-1\" \/>\n<link rel=\"canonical\" href=\"https:\/\/changeman.org\/it\/terms\/\" \/>\n<meta property=\"og:locale\" content=\"it_IT\" \/>\n<meta property=\"og:type\" content=\"article\" \/>\n<meta property=\"og:title\" content=\"Termos de Uso - Changeman\" \/>\n<meta property=\"og:description\" content=\"Atualizado em 14 de Maio de 2024. A INDIETECH O\u00dc, uma empresa de responsabilidade limitada estoniana (LLC, tamb\u00e9m conhecida como O\u00dc), registrada sob o VAT EE102204759 e sediada em Tallinn, na Rua Sepapaja 6, CEP 15551, Harju, Est\u00f4nia, \u00e9 a fundadora, propriet\u00e1ria e respons\u00e1vel pela manuten\u00e7\u00e3o do site Changeman, acess\u00edvel atrav\u00e9s do dom\u00ednio https:\/\/changeman.org\/. Quando&hellip; Continue reading Termos de Uso &#8211; Changeman\" \/>\n<meta property=\"og:url\" content=\"https:\/\/changeman.org\/it\/terms\/\" \/>\n<meta property=\"og:site_name\" content=\"Changeman\" \/>\n<meta property=\"article:modified_time\" content=\"2024-05-14T16:42:14+00:00\" \/>\n<meta name=\"twitter:card\" content=\"summary_large_image\" \/>\n<meta name=\"twitter:label1\" content=\"Est. reading time\" \/>\n\t<meta name=\"twitter:data1\" content=\"6 minuti\" \/>\n<script type=\"application\/ld+json\" class=\"yoast-schema-graph\">{\"@context\":\"https:\/\/schema.org\",\"@graph\":[{\"@type\":\"WebSite\",\"@id\":\"https:\/\/changeman.org\/#website\",\"url\":\"https:\/\/changeman.org\/\",\"name\":\"Changeman\",\"description\":\"\",\"potentialAction\":[{\"@type\":\"SearchAction\",\"target\":{\"@type\":\"EntryPoint\",\"urlTemplate\":\"https:\/\/changeman.org\/?s={search_term_string}\"},\"query-input\":\"required name=search_term_string\"}],\"inLanguage\":\"it-IT\"},{\"@type\":\"WebPage\",\"@id\":\"https:\/\/changeman.org\/terms\/#webpage\",\"url\":\"https:\/\/changeman.org\/terms\/\",\"name\":\"Termos de Uso - Changeman - Changeman\",\"isPartOf\":{\"@id\":\"https:\/\/changeman.org\/#website\"},\"datePublished\":\"2024-05-14T16:30:31+00:00\",\"dateModified\":\"2024-05-14T16:42:14+00:00\",\"breadcrumb\":{\"@id\":\"https:\/\/changeman.org\/terms\/#breadcrumb\"},\"inLanguage\":\"it-IT\",\"potentialAction\":[{\"@type\":\"ReadAction\",\"target\":[\"https:\/\/changeman.org\/terms\/\"]}]},{\"@type\":\"BreadcrumbList\",\"@id\":\"https:\/\/changeman.org\/terms\/#breadcrumb\",\"itemListElement\":[{\"@type\":\"ListItem\",\"position\":1,\"name\":\"Home\",\"item\":\"https:\/\/changeman.org\/\"},{\"@type\":\"ListItem\",\"position\":2,\"name\":\"Termos de Uso &#8211; Changeman\"}]}]}<\/script>\n<!-- \/ Yoast SEO Premium plugin. -->","yoast_head_json":{"title":"Termos de Uso - Changeman - Changeman","robots":{"index":"index","follow":"follow","max-snippet":"max-snippet:-1","max-image-preview":"max-image-preview:large","max-video-preview":"max-video-preview:-1"},"canonical":"https:\/\/changeman.org\/it\/terms\/","og_locale":"it_IT","og_type":"article","og_title":"Termos de Uso - Changeman","og_description":"Atualizado em 14 de Maio de 2024. A INDIETECH O\u00dc, uma empresa de responsabilidade limitada estoniana (LLC, tamb\u00e9m conhecida como O\u00dc), registrada sob o VAT EE102204759 e sediada em Tallinn, na Rua Sepapaja 6, CEP 15551, Harju, Est\u00f4nia, \u00e9 a fundadora, propriet\u00e1ria e respons\u00e1vel pela manuten\u00e7\u00e3o do site Changeman, acess\u00edvel atrav\u00e9s do dom\u00ednio https:\/\/changeman.org\/. Quando&hellip; Continue reading Termos de Uso &#8211; Changeman","og_url":"https:\/\/changeman.org\/it\/terms\/","og_site_name":"Changeman","article_modified_time":"2024-05-14T16:42:14+00:00","twitter_card":"summary_large_image","twitter_misc":{"Est. reading time":"6 minuti"},"schema":{"@context":"https:\/\/schema.org","@graph":[{"@type":"WebSite","@id":"https:\/\/changeman.org\/#website","url":"https:\/\/changeman.org\/","name":"Changeman","description":"","potentialAction":[{"@type":"SearchAction","target":{"@type":"EntryPoint","urlTemplate":"https:\/\/changeman.org\/?s={search_term_string}"},"query-input":"required name=search_term_string"}],"inLanguage":"it-IT"},{"@type":"WebPage","@id":"https:\/\/changeman.org\/terms\/#webpage","url":"https:\/\/changeman.org\/terms\/","name":"Termos de Uso - Changeman - Changeman","isPartOf":{"@id":"https:\/\/changeman.org\/#website"},"datePublished":"2024-05-14T16:30:31+00:00","dateModified":"2024-05-14T16:42:14+00:00","breadcrumb":{"@id":"https:\/\/changeman.org\/terms\/#breadcrumb"},"inLanguage":"it-IT","potentialAction":[{"@type":"ReadAction","target":["https:\/\/changeman.org\/terms\/"]}]},{"@type":"BreadcrumbList","@id":"https:\/\/changeman.org\/terms\/#breadcrumb","itemListElement":[{"@type":"ListItem","position":1,"name":"Home","item":"https:\/\/changeman.org\/"},{"@type":"ListItem","position":2,"name":"Termos de Uso &#8211; Changeman"}]}]}},"_links":{"self":[{"href":"https:\/\/changeman.org\/it\/wp-json\/wp\/v2\/pages\/12247"}],"collection":[{"href":"https:\/\/changeman.org\/it\/wp-json\/wp\/v2\/pages"}],"about":[{"href":"https:\/\/changeman.org\/it\/wp-json\/wp\/v2\/types\/page"}],"author":[{"embeddable":true,"href":"https:\/\/changeman.org\/it\/wp-json\/wp\/v2\/users\/11"}],"replies":[{"embeddable":true,"href":"https:\/\/changeman.org\/it\/wp-json\/wp\/v2\/comments?post=12247"}],"version-history":[{"count":0,"href":"https:\/\/changeman.org\/it\/wp-json\/wp\/v2\/pages\/12247\/revisions"}],"wp:attachment":[{"href":"https:\/\/changeman.org\/it\/wp-json\/wp\/v2\/media?parent=12247"}],"curies":[{"name":"wp","href":"https:\/\/api.w.org\/{rel}","templated":true}]}}