{"id":12249,"date":"2024-05-14T16:11:03","date_gmt":"2024-05-14T16:11:03","guid":{"rendered":"https:\/\/changeman.org\/?page_id=12249"},"modified":"2024-05-15T17:27:56","modified_gmt":"2024-05-15T17:27:56","slug":"about","status":"publish","type":"page","link":"https:\/\/changeman.org\/it\/about\/","title":{"rendered":"Chi siamo"},"content":{"rendered":"<div class=\"mx-5 sm:mx-0 prose leading-relaxed text-lg mb-5 text-left wp-paragraph\">\n<p>Benvenuto su Changeman!<\/p>\n<\/div><div class=\"mx-5 sm:mx-0 prose leading-relaxed text-lg mb-5 text-left wp-paragraph\">\n<p>Siamo un sito Web informativo, dedicato a fornire contenuti di valore ai nostri lettori. Il nostro modello di business si basa sulla pubblicit\u00e0, che ci consente di offrire accesso gratuito ai nostri contenuti.<\/p>\n<\/div><div class=\"mx-5 sm:mx-0 prose leading-relaxed text-lg mb-5 text-left wp-paragraph\">\n<p>Noi di Changeman miriamo ad aiutare i nostri lettori a prendere decisioni finanziarie pi\u00f9 informate e a sfruttare al meglio le app disponibili sul mercato. Pertanto sul nostro sito web troverai una serie di utili consigli finanziari e recensioni dettagliate delle app per semplificarti la vita quotidiana.<\/p>\n<\/div><div class=\"mx-5 sm:mx-0 prose leading-relaxed text-lg mb-5 text-left wp-paragraph\">\n<p>La tua opinione \u00e8 molto importante per noi. Se hai suggerimenti per migliorare Changeman, vuoi suggerire app per l&#039;analisi o argomenti per i nostri contenuti, non esitare a inviarci un messaggio a&nbsp;<a target=\"_blank\" href=\"https:\/\/changeman.org\/it\/contact\/\" rel=\"noreferrer noopener\">la nostra pagina dei contatti<\/a>.<\/p>\n<\/div><div class=\"mx-5 sm:mx-0 prose leading-relaxed text-lg mb-5 text-left wp-paragraph\">\n<p>Grazie per la visita!<\/p>\n<\/div>","protected":false},"excerpt":{"rendered":"<p>Benvenuti su Changeman! Siamo un sito web informativo dedicato a fornire contenuti di valore ai nostri lettori. Il nostro modello di business si basa sulla pubblicit\u00e0, che ci consente di offrire accesso gratuito ai nostri contenuti. In Changeman, il nostro obiettivo \u00e8 aiutare i nostri lettori a prendere decisioni finanziarie pi\u00f9 consapevoli e a sfruttare al meglio le applicazioni disponibili su... <a class=\"more-link\" href=\"https:\/\/changeman.org\/it\/about\/\">Continua a leggere <span class=\"screen-reader-text\">Chi siamo<\/span><\/a><\/p>","protected":false},"author":11,"featured_media":0,"parent":0,"menu_order":0,"comment_status":"closed","ping_status":"closed","template":"","meta":{"footnotes":""},"yoast_head":"<!-- This site is optimized with the Yoast SEO Premium plugin v18.7 (Yoast SEO v19.1) - https:\/\/yoast.com\/wordpress\/plugins\/seo\/ -->\n<title>Sobre n\u00f3s - Changeman<\/title>\n<meta name=\"robots\" content=\"index, follow, max-snippet:-1, max-image-preview:large, max-video-preview:-1\" \/>\n<link rel=\"canonical\" href=\"https:\/\/changeman.org\/it\/about\/\" \/>\n<meta property=\"og:locale\" content=\"it_IT\" \/>\n<meta property=\"og:type\" content=\"article\" \/>\n<meta property=\"og:title\" content=\"Sobre n\u00f3s\" \/>\n<meta property=\"og:description\" content=\"Seja bem-vindo ao Changeman! Somos um site informativo, dedicado a fornecer conte\u00fados valiosos para nossos leitores. Nosso modelo de neg\u00f3cio \u00e9 baseado na publicidade, o que nos permite oferecer acesso gratuito ao nosso conte\u00fado. No Changeman, buscamos ajudar nossos leitores a tomar decis\u00f5es financeiras mais informadas e a aproveitar ao m\u00e1ximo os aplicativos dispon\u00edveis no&hellip; Continue reading Sobre n\u00f3s\" \/>\n<meta property=\"og:url\" content=\"https:\/\/changeman.org\/it\/about\/\" \/>\n<meta property=\"og:site_name\" content=\"Changeman\" \/>\n<meta property=\"article:modified_time\" content=\"2024-05-15T17:27:56+00:00\" \/>\n<meta name=\"twitter:card\" content=\"summary_large_image\" \/>\n<meta name=\"twitter:label1\" content=\"Est. reading time\" \/>\n\t<meta name=\"twitter:data1\" content=\"1 minuto\" \/>\n<script type=\"application\/ld+json\" class=\"yoast-schema-graph\">{\"@context\":\"https:\/\/schema.org\",\"@graph\":[{\"@type\":\"WebSite\",\"@id\":\"https:\/\/changeman.org\/#website\",\"url\":\"https:\/\/changeman.org\/\",\"name\":\"Changeman\",\"description\":\"\",\"potentialAction\":[{\"@type\":\"SearchAction\",\"target\":{\"@type\":\"EntryPoint\",\"urlTemplate\":\"https:\/\/changeman.org\/?s={search_term_string}\"},\"query-input\":\"required name=search_term_string\"}],\"inLanguage\":\"it-IT\"},{\"@type\":\"WebPage\",\"@id\":\"https:\/\/changeman.org\/about\/#webpage\",\"url\":\"https:\/\/changeman.org\/about\/\",\"name\":\"Sobre n\u00f3s - Changeman\",\"isPartOf\":{\"@id\":\"https:\/\/changeman.org\/#website\"},\"datePublished\":\"2024-05-14T16:11:03+00:00\",\"dateModified\":\"2024-05-15T17:27:56+00:00\",\"breadcrumb\":{\"@id\":\"https:\/\/changeman.org\/about\/#breadcrumb\"},\"inLanguage\":\"it-IT\",\"potentialAction\":[{\"@type\":\"ReadAction\",\"target\":[\"https:\/\/changeman.org\/about\/\"]}]},{\"@type\":\"BreadcrumbList\",\"@id\":\"https:\/\/changeman.org\/about\/#breadcrumb\",\"itemListElement\":[{\"@type\":\"ListItem\",\"position\":1,\"name\":\"Home\",\"item\":\"https:\/\/changeman.org\/\"},{\"@type\":\"ListItem\",\"position\":2,\"name\":\"Sobre n\u00f3s\"}]}]}<\/script>\n<!-- \/ Yoast SEO Premium plugin. -->","yoast_head_json":{"title":"Sobre n\u00f3s - Changeman","robots":{"index":"index","follow":"follow","max-snippet":"max-snippet:-1","max-image-preview":"max-image-preview:large","max-video-preview":"max-video-preview:-1"},"canonical":"https:\/\/changeman.org\/it\/about\/","og_locale":"it_IT","og_type":"article","og_title":"Sobre n\u00f3s","og_description":"Seja bem-vindo ao Changeman! Somos um site informativo, dedicado a fornecer conte\u00fados valiosos para nossos leitores. Nosso modelo de neg\u00f3cio \u00e9 baseado na publicidade, o que nos permite oferecer acesso gratuito ao nosso conte\u00fado. No Changeman, buscamos ajudar nossos leitores a tomar decis\u00f5es financeiras mais informadas e a aproveitar ao m\u00e1ximo os aplicativos dispon\u00edveis no&hellip; Continue reading Sobre n\u00f3s","og_url":"https:\/\/changeman.org\/it\/about\/","og_site_name":"Changeman","article_modified_time":"2024-05-15T17:27:56+00:00","twitter_card":"summary_large_image","twitter_misc":{"Est. reading time":"1 minuto"},"schema":{"@context":"https:\/\/schema.org","@graph":[{"@type":"WebSite","@id":"https:\/\/changeman.org\/#website","url":"https:\/\/changeman.org\/","name":"Changeman","description":"","potentialAction":[{"@type":"SearchAction","target":{"@type":"EntryPoint","urlTemplate":"https:\/\/changeman.org\/?s={search_term_string}"},"query-input":"required name=search_term_string"}],"inLanguage":"it-IT"},{"@type":"WebPage","@id":"https:\/\/changeman.org\/about\/#webpage","url":"https:\/\/changeman.org\/about\/","name":"Sobre n\u00f3s - Changeman","isPartOf":{"@id":"https:\/\/changeman.org\/#website"},"datePublished":"2024-05-14T16:11:03+00:00","dateModified":"2024-05-15T17:27:56+00:00","breadcrumb":{"@id":"https:\/\/changeman.org\/about\/#breadcrumb"},"inLanguage":"it-IT","potentialAction":[{"@type":"ReadAction","target":["https:\/\/changeman.org\/about\/"]}]},{"@type":"BreadcrumbList","@id":"https:\/\/changeman.org\/about\/#breadcrumb","itemListElement":[{"@type":"ListItem","position":1,"name":"Home","item":"https:\/\/changeman.org\/"},{"@type":"ListItem","position":2,"name":"Sobre n\u00f3s"}]}]}},"_links":{"self":[{"href":"https:\/\/changeman.org\/it\/wp-json\/wp\/v2\/pages\/12249"}],"collection":[{"href":"https:\/\/changeman.org\/it\/wp-json\/wp\/v2\/pages"}],"about":[{"href":"https:\/\/changeman.org\/it\/wp-json\/wp\/v2\/types\/page"}],"author":[{"embeddable":true,"href":"https:\/\/changeman.org\/it\/wp-json\/wp\/v2\/users\/11"}],"replies":[{"embeddable":true,"href":"https:\/\/changeman.org\/it\/wp-json\/wp\/v2\/comments?post=12249"}],"version-history":[{"count":0,"href":"https:\/\/changeman.org\/it\/wp-json\/wp\/v2\/pages\/12249\/revisions"}],"wp:attachment":[{"href":"https:\/\/changeman.org\/it\/wp-json\/wp\/v2\/media?parent=12249"}],"curies":[{"name":"wp","href":"https:\/\/api.w.org\/{rel}","templated":true}]}}